{"id":261703,"date":"2026-04-08T13:11:07","date_gmt":"2026-04-08T11:11:07","guid":{"rendered":"https:\/\/www.perlagewines.com\/versand\/"},"modified":"2026-04-09T11:29:48","modified_gmt":"2026-04-09T09:29:48","slug":"versand","status":"publish","type":"page","link":"https:\/\/www.perlagewines.com\/de\/versand\/","title":{"rendered":"Versand"},"content":{"rendered":"<p>[et_pb_section fb_built=&#8220;1&#8243; _builder_version=&#8220;4.27.6&#8243; _module_preset=&#8220;default&#8220; custom_padding=&#8220;10%||15%||false|false&#8220; locked=&#8220;off&#8220; global_colors_info=&#8220;{}&#8220; background_color=&#8220;#FFF6ED&#8220;][et_pb_row use_custom_gutter=&#8220;on&#8220; make_equal=&#8220;on&#8220; _builder_version=&#8220;4.27.6&#8243; _module_preset=&#8220;default&#8220; width=&#8220;90%&#8220; global_colors_info=&#8220;{}&#8220;][et_pb_column type=&#8220;4_4&#8243; _builder_version=&#8220;4.27.6&#8243; _module_preset=&#8220;default&#8220; global_colors_info=&#8220;{}&#8220;][et_pb_text _builder_version=&#8220;4.27.6&#8243; _module_preset=&#8220;default&#8220; text_text_color=&#8220;#FFFFFF&#8220; header_font=&#8220;|600||on|||||&#8220; header_text_align=&#8220;left&#8220; header_font_size=&#8220;44px&#8220; header_letter_spacing=&#8220;1px&#8220; text_orientation=&#8220;center&#8220; header_font_size_tablet=&#8220;44px&#8220; header_font_size_phone=&#8220;34px&#8220; header_font_size_last_edited=&#8220;on|phone&#8220; header_2_font_size_phone=&#8220;34px&#8220; header_2_font_size_last_edited=&#8220;off|phone&#8220; locked=&#8220;off&#8220; global_colors_info=&#8220;{}&#8220;]<\/p>\n<h1>Versand<\/h1>\n<p>[\/et_pb_text][\/et_pb_column][\/et_pb_row][et_pb_row use_custom_gutter=&#8220;on&#8220; make_equal=&#8220;on&#8220; _builder_version=&#8220;4.27.6&#8243; _module_preset=&#8220;default&#8220; width=&#8220;90%&#8220; global_colors_info=&#8220;{}&#8220;][et_pb_column type=&#8220;4_4&#8243; _builder_version=&#8220;4.27.6&#8243; _module_preset=&#8220;default&#8220; global_colors_info=&#8220;{}&#8220;][et_pb_text _builder_version=&#8220;4.27.6&#8243; _module_preset=&#8220;default&#8220; link_font=&#8220;|700|||||||&#8220; link_text_color=&#8220;#212121&#8243; global_colors_info=&#8220;{}&#8220; link_text_color__hover_enabled=&#8220;on|hover&#8220; link_text_color__hover=&#8220;#706158&#8243;]<\/p>\n<p>Wir versenden in einer sicheren Kartonverpackung, die vollst\u00e4ndig recycelbar und leicht zu entsorgen istSie erhalten eine E-Mail mit Informationen dar\u00fcber, wie Sie die Lieferung Ihres Pakets verfolgen k\u00f6nnenUnser Spediteur ist bequem, schnell und zuverl\u00e4ssig. M\u00f6glichkeit der Abholung bei Ki PointsZweifel? Rufen Sie uns an unter <a href=\"tel:0438%20900203\">0438.900203<\/a>  <\/p>\n<p>Der Versand ist ab einem Bestellwert <strong>von 50,00 \u20ac<\/strong> <strong>kostenlos<\/strong>,<br \/>und <strong>4,99 \u20ac<\/strong> f\u00fcr Bestellungen darunter.<\/p>\n<p>F\u00fcr Geschenkpakete betragen die Versandkosten <strong>2,99 \u20ac.<\/strong><\/p>\n<p>Wir versenden in einer <strong>sicheren Kartonverpackung<\/strong>, die vollst\u00e4ndig recycelbar und leicht zu entsorgen ist.<\/p>\n<p>Garantierte Lieferung in <strong>4 Werktagen<\/strong>.<\/p>\n<p>Sie erhalten eine E-Mail mit den Informationen, um die Zustellung Ihres Pakets zu verfolgen.<\/p>\n<p>Unser Transportunternehmen ist bequem, <strong>schnell und zuverl\u00e4ssig<\/strong>.<\/p>\n<p>M\u00f6glichkeit der Abholung in einem der <strong>Poste Italiane Ki Points.<\/strong><\/p>\n<p>[\/et_pb_text][\/et_pb_column][\/et_pb_row][\/et_pb_section]<\/p>\n","protected":false},"excerpt":{"rendered":"<p>VersandWir versenden in einer sicheren Kartonverpackung, die vollst\u00e4ndig recycelbar und leicht zu entsorgen istSie erhalten eine E-Mail mit Informationen dar\u00fcber, wie Sie die Lieferung Ihres Pakets verfolgen k\u00f6nnenUnser Spediteur ist bequem, schnell und zuverl\u00e4ssig. M\u00f6glichkeit der Abholung bei Ki PointsZweifel? Rufen Sie uns an unter 0438.900203 Der Versand ist ab einem Bestellwert von 50,00 \u20ac [&hellip;]<\/p>\n","protected":false},"author":1,"featured_media":0,"parent":0,"menu_order":0,"comment_status":"closed","ping_status":"closed","template":"","meta":{"_acf_changed":false,"_et_pb_use_builder":"on","_et_pb_old_content":"","_et_gb_content_width":"","footnotes":""},"class_list":["post-261703","page","type-page","status-publish","hentry"],"acf":[],"yoast_head":"<!-- This site is optimized with the Yoast SEO plugin v27.4 - https:\/\/yoast.com\/product\/yoast-seo-wordpress\/ -->\n<title>Versand | Perlage<\/title>\n<meta name=\"robots\" content=\"index, follow, max-snippet:-1, max-image-preview:large, max-video-preview:-1\" \/>\n<link rel=\"canonical\" href=\"https:\/\/www.perlagewines.com\/de\/versand\/\" \/>\n<meta property=\"og:locale\" content=\"de_DE\" \/>\n<meta property=\"og:type\" content=\"article\" \/>\n<meta property=\"og:title\" content=\"Versand | Perlage\" \/>\n<meta property=\"og:description\" content=\"VersandWir versenden in einer sicheren Kartonverpackung, die vollst\u00e4ndig recycelbar und leicht zu entsorgen istSie erhalten eine E-Mail mit Informationen dar\u00fcber, wie Sie die Lieferung Ihres Pakets verfolgen k\u00f6nnenUnser Spediteur ist bequem, schnell und zuverl\u00e4ssig. M\u00f6glichkeit der Abholung bei Ki PointsZweifel? Rufen Sie uns an unter 0438.900203 Der Versand ist ab einem Bestellwert von 50,00 \u20ac [&hellip;]\" \/>\n<meta property=\"og:url\" content=\"https:\/\/www.perlagewines.com\/de\/versand\/\" \/>\n<meta property=\"og:site_name\" content=\"Perlage\" \/>\n<meta property=\"article:publisher\" content=\"https:\/\/www.facebook.com\/PerlageOrganicWines\/\" \/>\n<meta property=\"article:modified_time\" content=\"2026-04-09T09:29:48+00:00\" \/>\n<meta name=\"twitter:card\" content=\"summary_large_image\" \/>\n<meta name=\"twitter:label1\" content=\"Gesch\u00e4tzte Lesezeit\" \/>\n\t<meta name=\"twitter:data1\" content=\"2\u00a0Minuten\" \/>\n<script type=\"application\/ld+json\" class=\"yoast-schema-graph\">{\"@context\":\"https:\\\/\\\/schema.org\",\"@graph\":[{\"@type\":\"WebPage\",\"@id\":\"https:\\\/\\\/www.perlagewines.com\\\/de\\\/versand\\\/\",\"url\":\"https:\\\/\\\/www.perlagewines.com\\\/de\\\/versand\\\/\",\"name\":\"Versand | Perlage\",\"isPartOf\":{\"@id\":\"https:\\\/\\\/www.perlagewines.com\\\/#website\"},\"datePublished\":\"2026-04-08T11:11:07+00:00\",\"dateModified\":\"2026-04-09T09:29:48+00:00\",\"breadcrumb\":{\"@id\":\"https:\\\/\\\/www.perlagewines.com\\\/de\\\/versand\\\/#breadcrumb\"},\"inLanguage\":\"de\",\"potentialAction\":[{\"@type\":\"ReadAction\",\"target\":[\"https:\\\/\\\/www.perlagewines.com\\\/de\\\/versand\\\/\"]}]},{\"@type\":\"BreadcrumbList\",\"@id\":\"https:\\\/\\\/www.perlagewines.com\\\/de\\\/versand\\\/#breadcrumb\",\"itemListElement\":[{\"@type\":\"ListItem\",\"position\":1,\"name\":\"Home\",\"item\":\"https:\\\/\\\/www.perlagewines.com\\\/de\\\/\"},{\"@type\":\"ListItem\",\"position\":2,\"name\":\"Versand\"}]},{\"@type\":\"WebSite\",\"@id\":\"https:\\\/\\\/www.perlagewines.com\\\/#website\",\"url\":\"https:\\\/\\\/www.perlagewines.com\\\/\",\"name\":\"Perlage\",\"description\":\"Vini biologici dal 1985\",\"publisher\":{\"@id\":\"https:\\\/\\\/www.perlagewines.com\\\/#organization\"},\"potentialAction\":[{\"@type\":\"SearchAction\",\"target\":{\"@type\":\"EntryPoint\",\"urlTemplate\":\"https:\\\/\\\/www.perlagewines.com\\\/?s={search_term_string}\"},\"query-input\":{\"@type\":\"PropertyValueSpecification\",\"valueRequired\":true,\"valueName\":\"search_term_string\"}}],\"inLanguage\":\"de\"},{\"@type\":\"Organization\",\"@id\":\"https:\\\/\\\/www.perlagewines.com\\\/#organization\",\"name\":\"Perlage\",\"url\":\"https:\\\/\\\/www.perlagewines.com\\\/\",\"logo\":{\"@type\":\"ImageObject\",\"inLanguage\":\"de\",\"@id\":\"https:\\\/\\\/www.perlagewines.com\\\/#\\\/schema\\\/logo\\\/image\\\/\",\"url\":\"https:\\\/\\\/www.perlagewines.com\\\/wp-content\\\/uploads\\\/2025\\\/10\\\/perlage-logo.svg\",\"contentUrl\":\"https:\\\/\\\/www.perlagewines.com\\\/wp-content\\\/uploads\\\/2025\\\/10\\\/perlage-logo.svg\",\"width\":222,\"height\":78,\"caption\":\"Perlage\"},\"image\":{\"@id\":\"https:\\\/\\\/www.perlagewines.com\\\/#\\\/schema\\\/logo\\\/image\\\/\"},\"sameAs\":[\"https:\\\/\\\/www.facebook.com\\\/PerlageOrganicWines\\\/\",\"https:\\\/\\\/www.instagram.com\\\/perlage_winery\\\/\",\"https:\\\/\\\/www.linkedin.com\\\/company\\\/perlage-wines\\\/\"]}]}<\/script>\n<!-- \/ Yoast SEO plugin. -->","yoast_head_json":{"title":"Versand | Perlage","robots":{"index":"index","follow":"follow","max-snippet":"max-snippet:-1","max-image-preview":"max-image-preview:large","max-video-preview":"max-video-preview:-1"},"canonical":"https:\/\/www.perlagewines.com\/de\/versand\/","og_locale":"de_DE","og_type":"article","og_title":"Versand | Perlage","og_description":"VersandWir versenden in einer sicheren Kartonverpackung, die vollst\u00e4ndig recycelbar und leicht zu entsorgen istSie erhalten eine E-Mail mit Informationen dar\u00fcber, wie Sie die Lieferung Ihres Pakets verfolgen k\u00f6nnenUnser Spediteur ist bequem, schnell und zuverl\u00e4ssig. M\u00f6glichkeit der Abholung bei Ki PointsZweifel? Rufen Sie uns an unter 0438.900203 Der Versand ist ab einem Bestellwert von 50,00 \u20ac [&hellip;]","og_url":"https:\/\/www.perlagewines.com\/de\/versand\/","og_site_name":"Perlage","article_publisher":"https:\/\/www.facebook.com\/PerlageOrganicWines\/","article_modified_time":"2026-04-09T09:29:48+00:00","twitter_card":"summary_large_image","twitter_misc":{"Gesch\u00e4tzte Lesezeit":"2\u00a0Minuten"},"schema":{"@context":"https:\/\/schema.org","@graph":[{"@type":"WebPage","@id":"https:\/\/www.perlagewines.com\/de\/versand\/","url":"https:\/\/www.perlagewines.com\/de\/versand\/","name":"Versand | Perlage","isPartOf":{"@id":"https:\/\/www.perlagewines.com\/#website"},"datePublished":"2026-04-08T11:11:07+00:00","dateModified":"2026-04-09T09:29:48+00:00","breadcrumb":{"@id":"https:\/\/www.perlagewines.com\/de\/versand\/#breadcrumb"},"inLanguage":"de","potentialAction":[{"@type":"ReadAction","target":["https:\/\/www.perlagewines.com\/de\/versand\/"]}]},{"@type":"BreadcrumbList","@id":"https:\/\/www.perlagewines.com\/de\/versand\/#breadcrumb","itemListElement":[{"@type":"ListItem","position":1,"name":"Home","item":"https:\/\/www.perlagewines.com\/de\/"},{"@type":"ListItem","position":2,"name":"Versand"}]},{"@type":"WebSite","@id":"https:\/\/www.perlagewines.com\/#website","url":"https:\/\/www.perlagewines.com\/","name":"Perlage","description":"Vini biologici dal 1985","publisher":{"@id":"https:\/\/www.perlagewines.com\/#organization"},"potentialAction":[{"@type":"SearchAction","target":{"@type":"EntryPoint","urlTemplate":"https:\/\/www.perlagewines.com\/?s={search_term_string}"},"query-input":{"@type":"PropertyValueSpecification","valueRequired":true,"valueName":"search_term_string"}}],"inLanguage":"de"},{"@type":"Organization","@id":"https:\/\/www.perlagewines.com\/#organization","name":"Perlage","url":"https:\/\/www.perlagewines.com\/","logo":{"@type":"ImageObject","inLanguage":"de","@id":"https:\/\/www.perlagewines.com\/#\/schema\/logo\/image\/","url":"https:\/\/www.perlagewines.com\/wp-content\/uploads\/2025\/10\/perlage-logo.svg","contentUrl":"https:\/\/www.perlagewines.com\/wp-content\/uploads\/2025\/10\/perlage-logo.svg","width":222,"height":78,"caption":"Perlage"},"image":{"@id":"https:\/\/www.perlagewines.com\/#\/schema\/logo\/image\/"},"sameAs":["https:\/\/www.facebook.com\/PerlageOrganicWines\/","https:\/\/www.instagram.com\/perlage_winery\/","https:\/\/www.linkedin.com\/company\/perlage-wines\/"]}]}},"_links":{"self":[{"href":"https:\/\/www.perlagewines.com\/de\/wp-json\/wp\/v2\/pages\/261703","targetHints":{"allow":["GET"]}}],"collection":[{"href":"https:\/\/www.perlagewines.com\/de\/wp-json\/wp\/v2\/pages"}],"about":[{"href":"https:\/\/www.perlagewines.com\/de\/wp-json\/wp\/v2\/types\/page"}],"author":[{"embeddable":true,"href":"https:\/\/www.perlagewines.com\/de\/wp-json\/wp\/v2\/users\/1"}],"replies":[{"embeddable":true,"href":"https:\/\/www.perlagewines.com\/de\/wp-json\/wp\/v2\/comments?post=261703"}],"version-history":[{"count":2,"href":"https:\/\/www.perlagewines.com\/de\/wp-json\/wp\/v2\/pages\/261703\/revisions"}],"predecessor-version":[{"id":262857,"href":"https:\/\/www.perlagewines.com\/de\/wp-json\/wp\/v2\/pages\/261703\/revisions\/262857"}],"wp:attachment":[{"href":"https:\/\/www.perlagewines.com\/de\/wp-json\/wp\/v2\/media?parent=261703"}],"curies":[{"name":"wp","href":"https:\/\/api.w.org\/{rel}","templated":true}]}}