{"id":261712,"date":"2026-04-08T13:32:21","date_gmt":"2026-04-08T11:32:21","guid":{"rendered":"https:\/\/www.perlagewines.com\/liefert\/"},"modified":"2026-04-09T11:29:41","modified_gmt":"2026-04-09T09:29:41","slug":"liefert","status":"publish","type":"page","link":"https:\/\/www.perlagewines.com\/de\/liefert\/","title":{"rendered":"Liefert"},"content":{"rendered":"<p>[et_pb_section fb_built=&#8220;1&#8243; _builder_version=&#8220;4.27.6&#8243; _module_preset=&#8220;default&#8220; custom_padding=&#8220;10%||15%||false|false&#8220; locked=&#8220;off&#8220; global_colors_info=&#8220;{}&#8220; background_color=&#8220;#FFF6ED&#8220;][et_pb_row use_custom_gutter=&#8220;on&#8220; make_equal=&#8220;on&#8220; _builder_version=&#8220;4.27.6&#8243; _module_preset=&#8220;default&#8220; width=&#8220;90%&#8220; global_colors_info=&#8220;{}&#8220;][et_pb_column type=&#8220;4_4&#8243; _builder_version=&#8220;4.27.6&#8243; _module_preset=&#8220;default&#8220; global_colors_info=&#8220;{}&#8220;][et_pb_text _builder_version=&#8220;4.27.6&#8243; _module_preset=&#8220;default&#8220; text_text_color=&#8220;#FFFFFF&#8220; header_font=&#8220;|600||on|||||&#8220; header_text_align=&#8220;left&#8220; header_font_size=&#8220;44px&#8220; header_letter_spacing=&#8220;1px&#8220; text_orientation=&#8220;center&#8220; header_font_size_tablet=&#8220;44px&#8220; header_font_size_phone=&#8220;34px&#8220; header_font_size_last_edited=&#8220;on|desktop&#8220; header_2_font_size_phone=&#8220;34px&#8220; header_2_font_size_last_edited=&#8220;off|phone&#8220; locked=&#8220;off&#8220; global_colors_info=&#8220;{}&#8220;]<\/p>\n<h1>Kostenlose R\u00fccksendungen<\/h1>\n<p>[\/et_pb_text][\/et_pb_column][\/et_pb_row][et_pb_row use_custom_gutter=&#8220;on&#8220; make_equal=&#8220;on&#8220; _builder_version=&#8220;4.27.6&#8243; _module_preset=&#8220;default&#8220; width=&#8220;90%&#8220; custom_css_main_element=&#8220;align-items: center;&#8220; global_colors_info=&#8220;{}&#8220;][et_pb_column type=&#8220;4_4&#8243; _builder_version=&#8220;4.27.6&#8243; _module_preset=&#8220;default&#8220; border_width_right_tablet=&#8220;0px&#8220; border_width_right_phone=&#8220;0px&#8220; border_width_right_last_edited=&#8220;on|tablet&#8220; global_colors_info=&#8220;{}&#8220;][et_pb_text _builder_version=&#8220;4.27.6&#8243; _module_preset=&#8220;default&#8220; text_line_height=&#8220;1.5em&#8220; link_font=&#8220;|700|||||||&#8220; link_text_color=&#8220;#212121&#8243; global_colors_info=&#8220;{}&#8220; link_text_color__hover_enabled=&#8220;on|hover&#8220; link_text_color__hover=&#8220;#706158&#8243;]<\/p>\n<p><strong>Haben Sie einen Fehlkauf get\u00e4tigt?<\/strong><\/p>\n<p>Kein Problem, Sie k\u00f6nnen eine R\u00fcckerstattung beantragen.<br \/>F\u00fcr die R\u00fccksendung m\u00fcssen Sie sich keine Sorgen machen, wir organisieren die Abholung der Ware mit unserem Kurier.<\/p>\n<p><strong>Sie haben 14 Tage Zeit!<\/strong><\/p>\n<p>Bewerten Sie Ihre Waren mit Vertrauen, Sie haben 14 Tage Zeit, Ihre Meinung zu \u00e4ndern.<\/p>\n<p><strong>Haben Sie noch Zweifel?  <\/strong><\/p>\n<p>Laden Sie das Formular mit den Anweisungen herunter, indem Sie auf den unten stehenden Link klicken.<\/p>\n<p>&nbsp;<\/p>\n<p>[\/et_pb_text][et_pb_button button_url=&#8220;\/wp-content\/uploads\/2026\/04\/perlage_modulo_reso_prodotti.pdf&#8220; url_new_window=&#8220;on&#8220; button_text=&#8220;R\u00dcCKGABEFORMULAR&#8220; button_alignment=&#8220;left&#8220; _builder_version=&#8220;4.27.6&#8243; _module_preset=&#8220;default&#8220; custom_button=&#8220;on&#8220; button_text_size=&#8220;14px&#8220; button_text_color=&#8220;#FFFFFF&#8220; button_bg_color=&#8220;#706158&#8243; button_border_width=&#8220;1px&#8220; button_border_color=&#8220;#706158&#8243; button_border_radius=&#8220;0px&#8220; button_font=&#8220;|700||on|||||&#8220; button_use_icon=&#8220;off&#8220; custom_padding=&#8220;10px|50px|10px|50px|true|true&#8220; locked=&#8220;off&#8220; global_colors_info=&#8220;{}&#8220; button_bg_color__hover_enabled=&#8220;on|desktop&#8220; button_bg_color__hover=&#8220;RGBA(255,255,255,0)&#8220; button_bg_enable_color__hover=&#8220;on&#8220; button_text_color__hover_enabled=&#8220;on|hover&#8220; button_text_color__hover=&#8220;#706158&#8243; button_border_color__hover_enabled=&#8220;off|hover&#8220; button_border_color__hover=&#8220;#706158&#8243;][\/et_pb_button][\/et_pb_column][\/et_pb_row][\/et_pb_section]<\/p>\n","protected":false},"excerpt":{"rendered":"<p>Kostenlose R\u00fccksendungenHaben Sie einen Fehlkauf get\u00e4tigt? Kein Problem, Sie k\u00f6nnen eine R\u00fcckerstattung beantragen.F\u00fcr die R\u00fccksendung m\u00fcssen Sie sich keine Sorgen machen, wir organisieren die Abholung der Ware mit unserem Kurier. Sie haben 14 Tage Zeit! Bewerten Sie Ihre Waren mit Vertrauen, Sie haben 14 Tage Zeit, Ihre Meinung zu \u00e4ndern. Haben Sie noch Zweifel? Laden [&hellip;]<\/p>\n","protected":false},"author":1,"featured_media":0,"parent":0,"menu_order":0,"comment_status":"closed","ping_status":"closed","template":"","meta":{"_acf_changed":false,"_et_pb_use_builder":"on","_et_pb_old_content":"","_et_gb_content_width":"","footnotes":""},"class_list":["post-261712","page","type-page","status-publish","hentry"],"acf":[],"yoast_head":"<!-- This site is optimized with the Yoast SEO plugin v27.4 - https:\/\/yoast.com\/product\/yoast-seo-wordpress\/ -->\n<title>Liefert | Perlage<\/title>\n<meta name=\"robots\" content=\"index, follow, max-snippet:-1, max-image-preview:large, max-video-preview:-1\" \/>\n<link rel=\"canonical\" href=\"https:\/\/www.perlagewines.com\/resi\/\" \/>\n<meta property=\"og:locale\" content=\"de_DE\" \/>\n<meta property=\"og:type\" content=\"article\" \/>\n<meta property=\"og:title\" content=\"Liefert | Perlage\" \/>\n<meta property=\"og:description\" content=\"Kostenlose R\u00fccksendungenHaben Sie einen Fehlkauf get\u00e4tigt? Kein Problem, Sie k\u00f6nnen eine R\u00fcckerstattung beantragen.F\u00fcr die R\u00fccksendung m\u00fcssen Sie sich keine Sorgen machen, wir organisieren die Abholung der Ware mit unserem Kurier. Sie haben 14 Tage Zeit! Bewerten Sie Ihre Waren mit Vertrauen, Sie haben 14 Tage Zeit, Ihre Meinung zu \u00e4ndern. Haben Sie noch Zweifel? Laden [&hellip;]\" \/>\n<meta property=\"og:url\" content=\"https:\/\/www.perlagewines.com\/resi\/\" \/>\n<meta property=\"og:site_name\" content=\"Perlage\" \/>\n<meta property=\"article:publisher\" content=\"https:\/\/www.facebook.com\/PerlageOrganicWines\/\" \/>\n<meta property=\"article:modified_time\" content=\"2026-04-09T09:29:41+00:00\" \/>\n<meta name=\"twitter:card\" content=\"summary_large_image\" \/>\n<meta name=\"twitter:label1\" content=\"Gesch\u00e4tzte Lesezeit\" \/>\n\t<meta name=\"twitter:data1\" content=\"2\u00a0Minuten\" \/>\n<script type=\"application\/ld+json\" class=\"yoast-schema-graph\">{\"@context\":\"https:\\\/\\\/schema.org\",\"@graph\":[{\"@type\":\"WebPage\",\"@id\":\"https:\\\/\\\/www.perlagewines.com\\\/resi\\\/\",\"url\":\"https:\\\/\\\/www.perlagewines.com\\\/resi\\\/\",\"name\":\"Liefert | Perlage\",\"isPartOf\":{\"@id\":\"https:\\\/\\\/www.perlagewines.com\\\/#website\"},\"datePublished\":\"2026-04-08T11:32:21+00:00\",\"dateModified\":\"2026-04-09T09:29:41+00:00\",\"breadcrumb\":{\"@id\":\"https:\\\/\\\/www.perlagewines.com\\\/resi\\\/#breadcrumb\"},\"inLanguage\":\"de\",\"potentialAction\":[{\"@type\":\"ReadAction\",\"target\":[\"https:\\\/\\\/www.perlagewines.com\\\/resi\\\/\"]}]},{\"@type\":\"BreadcrumbList\",\"@id\":\"https:\\\/\\\/www.perlagewines.com\\\/resi\\\/#breadcrumb\",\"itemListElement\":[{\"@type\":\"ListItem\",\"position\":1,\"name\":\"Home\",\"item\":\"https:\\\/\\\/www.perlagewines.com\\\/de\\\/\"},{\"@type\":\"ListItem\",\"position\":2,\"name\":\"Liefert\"}]},{\"@type\":\"WebSite\",\"@id\":\"https:\\\/\\\/www.perlagewines.com\\\/#website\",\"url\":\"https:\\\/\\\/www.perlagewines.com\\\/\",\"name\":\"Perlage\",\"description\":\"Vini biologici dal 1985\",\"publisher\":{\"@id\":\"https:\\\/\\\/www.perlagewines.com\\\/#organization\"},\"potentialAction\":[{\"@type\":\"SearchAction\",\"target\":{\"@type\":\"EntryPoint\",\"urlTemplate\":\"https:\\\/\\\/www.perlagewines.com\\\/?s={search_term_string}\"},\"query-input\":{\"@type\":\"PropertyValueSpecification\",\"valueRequired\":true,\"valueName\":\"search_term_string\"}}],\"inLanguage\":\"de\"},{\"@type\":\"Organization\",\"@id\":\"https:\\\/\\\/www.perlagewines.com\\\/#organization\",\"name\":\"Perlage\",\"url\":\"https:\\\/\\\/www.perlagewines.com\\\/\",\"logo\":{\"@type\":\"ImageObject\",\"inLanguage\":\"de\",\"@id\":\"https:\\\/\\\/www.perlagewines.com\\\/#\\\/schema\\\/logo\\\/image\\\/\",\"url\":\"https:\\\/\\\/www.perlagewines.com\\\/wp-content\\\/uploads\\\/2025\\\/10\\\/perlage-logo.svg\",\"contentUrl\":\"https:\\\/\\\/www.perlagewines.com\\\/wp-content\\\/uploads\\\/2025\\\/10\\\/perlage-logo.svg\",\"width\":222,\"height\":78,\"caption\":\"Perlage\"},\"image\":{\"@id\":\"https:\\\/\\\/www.perlagewines.com\\\/#\\\/schema\\\/logo\\\/image\\\/\"},\"sameAs\":[\"https:\\\/\\\/www.facebook.com\\\/PerlageOrganicWines\\\/\",\"https:\\\/\\\/www.instagram.com\\\/perlage_winery\\\/\",\"https:\\\/\\\/www.linkedin.com\\\/company\\\/perlage-wines\\\/\"]}]}<\/script>\n<!-- \/ Yoast SEO plugin. -->","yoast_head_json":{"title":"Liefert | Perlage","robots":{"index":"index","follow":"follow","max-snippet":"max-snippet:-1","max-image-preview":"max-image-preview:large","max-video-preview":"max-video-preview:-1"},"canonical":"https:\/\/www.perlagewines.com\/resi\/","og_locale":"de_DE","og_type":"article","og_title":"Liefert | Perlage","og_description":"Kostenlose R\u00fccksendungenHaben Sie einen Fehlkauf get\u00e4tigt? Kein Problem, Sie k\u00f6nnen eine R\u00fcckerstattung beantragen.F\u00fcr die R\u00fccksendung m\u00fcssen Sie sich keine Sorgen machen, wir organisieren die Abholung der Ware mit unserem Kurier. Sie haben 14 Tage Zeit! Bewerten Sie Ihre Waren mit Vertrauen, Sie haben 14 Tage Zeit, Ihre Meinung zu \u00e4ndern. Haben Sie noch Zweifel? Laden [&hellip;]","og_url":"https:\/\/www.perlagewines.com\/resi\/","og_site_name":"Perlage","article_publisher":"https:\/\/www.facebook.com\/PerlageOrganicWines\/","article_modified_time":"2026-04-09T09:29:41+00:00","twitter_card":"summary_large_image","twitter_misc":{"Gesch\u00e4tzte Lesezeit":"2\u00a0Minuten"},"schema":{"@context":"https:\/\/schema.org","@graph":[{"@type":"WebPage","@id":"https:\/\/www.perlagewines.com\/resi\/","url":"https:\/\/www.perlagewines.com\/resi\/","name":"Liefert | Perlage","isPartOf":{"@id":"https:\/\/www.perlagewines.com\/#website"},"datePublished":"2026-04-08T11:32:21+00:00","dateModified":"2026-04-09T09:29:41+00:00","breadcrumb":{"@id":"https:\/\/www.perlagewines.com\/resi\/#breadcrumb"},"inLanguage":"de","potentialAction":[{"@type":"ReadAction","target":["https:\/\/www.perlagewines.com\/resi\/"]}]},{"@type":"BreadcrumbList","@id":"https:\/\/www.perlagewines.com\/resi\/#breadcrumb","itemListElement":[{"@type":"ListItem","position":1,"name":"Home","item":"https:\/\/www.perlagewines.com\/de\/"},{"@type":"ListItem","position":2,"name":"Liefert"}]},{"@type":"WebSite","@id":"https:\/\/www.perlagewines.com\/#website","url":"https:\/\/www.perlagewines.com\/","name":"Perlage","description":"Vini biologici dal 1985","publisher":{"@id":"https:\/\/www.perlagewines.com\/#organization"},"potentialAction":[{"@type":"SearchAction","target":{"@type":"EntryPoint","urlTemplate":"https:\/\/www.perlagewines.com\/?s={search_term_string}"},"query-input":{"@type":"PropertyValueSpecification","valueRequired":true,"valueName":"search_term_string"}}],"inLanguage":"de"},{"@type":"Organization","@id":"https:\/\/www.perlagewines.com\/#organization","name":"Perlage","url":"https:\/\/www.perlagewines.com\/","logo":{"@type":"ImageObject","inLanguage":"de","@id":"https:\/\/www.perlagewines.com\/#\/schema\/logo\/image\/","url":"https:\/\/www.perlagewines.com\/wp-content\/uploads\/2025\/10\/perlage-logo.svg","contentUrl":"https:\/\/www.perlagewines.com\/wp-content\/uploads\/2025\/10\/perlage-logo.svg","width":222,"height":78,"caption":"Perlage"},"image":{"@id":"https:\/\/www.perlagewines.com\/#\/schema\/logo\/image\/"},"sameAs":["https:\/\/www.facebook.com\/PerlageOrganicWines\/","https:\/\/www.instagram.com\/perlage_winery\/","https:\/\/www.linkedin.com\/company\/perlage-wines\/"]}]}},"_links":{"self":[{"href":"https:\/\/www.perlagewines.com\/de\/wp-json\/wp\/v2\/pages\/261712","targetHints":{"allow":["GET"]}}],"collection":[{"href":"https:\/\/www.perlagewines.com\/de\/wp-json\/wp\/v2\/pages"}],"about":[{"href":"https:\/\/www.perlagewines.com\/de\/wp-json\/wp\/v2\/types\/page"}],"author":[{"embeddable":true,"href":"https:\/\/www.perlagewines.com\/de\/wp-json\/wp\/v2\/users\/1"}],"replies":[{"embeddable":true,"href":"https:\/\/www.perlagewines.com\/de\/wp-json\/wp\/v2\/comments?post=261712"}],"version-history":[{"count":2,"href":"https:\/\/www.perlagewines.com\/de\/wp-json\/wp\/v2\/pages\/261712\/revisions"}],"predecessor-version":[{"id":262855,"href":"https:\/\/www.perlagewines.com\/de\/wp-json\/wp\/v2\/pages\/261712\/revisions\/262855"}],"wp:attachment":[{"href":"https:\/\/www.perlagewines.com\/de\/wp-json\/wp\/v2\/media?parent=261712"}],"curies":[{"name":"wp","href":"https:\/\/api.w.org\/{rel}","templated":true}]}}