{"id":261804,"date":"2025-11-17T17:10:55","date_gmt":"2025-11-17T16:10:55","guid":{"rendered":"https:\/\/www.perlagewines.com\/transparenz\/"},"modified":"2026-04-08T16:28:56","modified_gmt":"2026-04-08T14:28:56","slug":"transparenz","status":"publish","type":"page","link":"https:\/\/www.perlagewines.com\/de\/transparenz\/","title":{"rendered":"Transparenz"},"content":{"rendered":"<p>[et_pb_section fb_built=&#8220;1&#8243; _builder_version=&#8220;4.27.4&#8243; _module_preset=&#8220;default&#8220; background_color=&#8220;#3B5239&#8243; global_colors_info=&#8220;{}&#8220;][et_pb_row _builder_version=&#8220;4.27.5&#8243; _module_preset=&#8220;default&#8220; width=&#8220;60%&#8220; width_tablet=&#8220;80%&#8220; width_phone=&#8220;80%&#8220; width_last_edited=&#8220;on|tablet&#8220; custom_margin=&#8220;8%||||false|false&#8220; custom_margin_tablet=&#8220;0%||||false|false&#8220; custom_margin_phone=&#8220;0%||||false|false&#8220; custom_margin_last_edited=&#8220;on|tablet&#8220; global_colors_info=&#8220;{}&#8220;][et_pb_column type=&#8220;4_4&#8243; _builder_version=&#8220;4.27.4&#8243; _module_preset=&#8220;default&#8220; global_colors_info=&#8220;{}&#8220;][et_pb_text _builder_version=&#8220;4.27.5&#8243; _module_preset=&#8220;default&#8220; text_text_color=&#8220;#FFFFFF&#8220; header_font=&#8220;||||||||&#8220; header_text_color=&#8220;#FFFFFF&#8220; header_font_size=&#8220;40px&#8220; header_letter_spacing=&#8220;1px&#8220; text_orientation=&#8220;center&#8220; custom_margin=&#8220;||20px||false|false&#8220; header_font_size_tablet=&#8220;35px&#8220; header_font_size_phone=&#8220;34px&#8220; header_font_size_last_edited=&#8220;on|phone&#8220; custom_css_free_form=&#8220;selector h1  {||   padding: 0;||}&#8220; locked=&#8220;off&#8220; global_colors_info=&#8220;{}&#8220;]<\/p>\n<h1>TRANSPARENCY,<br \/>Perlage wird offiziell ein &#8218;Wohlt\u00e4tigkeitsverein<\/h1>\n<p>[\/et_pb_text][et_pb_text _builder_version=&#8220;4.27.5&#8243; _module_preset=&#8220;default&#8220; text_text_color=&#8220;#FFFFFF&#8220; text_orientation=&#8220;center&#8220; max_width_tablet=&#8220;&#8220; max_width_phone=&#8220;95%&#8220; max_width_last_edited=&#8220;on|phone&#8220; module_alignment=&#8220;center&#8220; global_colors_info=&#8220;{}&#8220;]<\/p>\n<p>Im Dezember 2019 hat die Aktion\u00e4rsversammlung von Perlage einstimmig f\u00fcr die neue Satzung gestimmt, die die Umwandlung von Perlage in eine &#8218;Societ\u00e0 Benefit&#8216; sanktioniert, eine von der italienischen Rechtsprechung anerkannte Gesellschaftsform, die ihr gemeinn\u00fctziges Engagement regelt.Mit diesem neuen, wichtigen Schritt unterstreicht Perlage noch st\u00e4rker und entschiedener sein Engagement f\u00fcr die soziale Verantwortung gegen\u00fcber seinen Kunden, dem Markt, der lokalen Gemeinschaft und seinen Mitarbeitern. Im Einklang mit den europ\u00e4ischen Richtlinien und der Mitgliedschaft bei CO2alignment hat die Aktion\u00e4rsversammlung im Juni 2023 ein zus\u00e4tzliches gemeinn\u00fctziges Ziel beschlossen, um das Ziel der Kohlenstoffneutralit\u00e4t zu formalisieren.Im Folgenden finden Sie einen Auszug aus der neuen Satzung<\/p>\n<p>[\/et_pb_text][et_pb_button button_url=&#8220;#&#8220; button_text=&#8220;Laden Sie den Auszug aus dem neuen Statut herunter&#8220; button_alignment=&#8220;center&#8220; _builder_version=&#8220;4.27.5&#8243; _module_preset=&#8220;default&#8220; custom_button=&#8220;on&#8220; button_text_size=&#8220;14px&#8220; button_text_color=&#8220;#3B5239&#8243; button_bg_color=&#8220;#FFFFFF&#8220; button_border_width=&#8220;1px&#8220; button_border_color=&#8220;#FFFFFF&#8220; button_border_radius=&#8220;0px&#8220; button_font=&#8220;|700||on|||||&#8220; button_use_icon=&#8220;off&#8220; custom_padding=&#8220;10px|50px|10px|50px|true|true&#8220; custom_padding_last_edited=&#8220;off|desktop&#8220; button_text_size_tablet=&#8220;14px&#8220; button_text_size_phone=&#8220;13px&#8220; button_text_size_last_edited=&#8220;on|phone&#8220; locked=&#8220;off&#8220; global_colors_info=&#8220;{}&#8220; button_bg_color__hover_enabled=&#8220;on|desktop&#8220; button_bg_color__hover=&#8220;RGBA(255,255,255,0)&#8220; button_bg_enable_color__hover=&#8220;on&#8220; button_text_color__hover_enabled=&#8220;on|desktop&#8220; button_text_color__hover=&#8220;#FFFFFF&#8220; button_border_color__hover_enabled=&#8220;on|desktop&#8220; button_border_color__hover=&#8220;#FFFFFF&#8220;][\/et_pb_button][\/et_pb_column][\/et_pb_row][\/et_pb_section][et_pb_section fb_built=&#8220;1&#8243; custom_padding_last_edited=&#8220;on|tablet&#8220; _builder_version=&#8220;4.27.4&#8243; _module_preset=&#8220;default&#8220; background_color=&#8220;#FFF6ED&#8220; custom_padding_tablet=&#8220;||0px||false|false&#8220; custom_padding_phone=&#8220;||0px||false|false&#8220; global_colors_info=&#8220;{}&#8220;][et_pb_row column_structure=&#8220;3_5,2_5&#8243; use_custom_gutter=&#8220;on&#8220; make_equal=&#8220;on&#8220; _builder_version=&#8220;4.27.6&#8243; _module_preset=&#8220;default&#8220; width=&#8220;90%&#8220; custom_css_main_element=&#8220;align-items: center;&#8220; global_colors_info=&#8220;{}&#8220;][et_pb_column type=&#8220;3_5&#8243; _builder_version=&#8220;4.27.4&#8243; _module_preset=&#8220;default&#8220; custom_padding_tablet=&#8220;||40px||false|false&#8220; custom_padding_phone=&#8220;||40px||false|false&#8220; custom_padding_last_edited=&#8220;on|tablet&#8220; global_colors_info=&#8220;{}&#8220;][et_pb_text _builder_version=&#8220;4.27.5&#8243; _module_preset=&#8220;default&#8220; text_text_color=&#8220;#FFFFFF&#8220; header_2_font=&#8220;||||||||&#8220; header_2_text_color=&#8220;#212121&#8243; header_2_font_size=&#8220;40px&#8220; custom_margin=&#8220;||10px||false|false&#8220; custom_margin_tablet=&#8220;||0px||false|false&#8220; custom_margin_phone=&#8220;||0px||false|false&#8220; custom_margin_last_edited=&#8220;on|tablet&#8220; custom_padding_tablet=&#8220;||0px||false|false&#8220; custom_padding_phone=&#8220;||0px||false|false&#8220; custom_padding_last_edited=&#8220;on|tablet&#8220; header_2_font_size_tablet=&#8220;40px&#8220; header_2_font_size_phone=&#8220;34px&#8220; header_2_font_size_last_edited=&#8220;on|phone&#8220; text_orientation_tablet=&#8220;center&#8220; text_orientation_phone=&#8220;center&#8220; text_orientation_last_edited=&#8220;on|tablet&#8220; custom_css_free_form=&#8220;selector h1  {||   padding: 0;||}&#8220; locked=&#8220;off&#8220; global_colors_info=&#8220;{}&#8220;]<\/p>\n<h2>AVEPA-Beitr\u00e4ge<\/h2>\n<p>[\/et_pb_text][et_pb_text _builder_version=&#8220;4.27.5&#8243; _module_preset=&#8220;default&#8220; max_width_tablet=&#8220;80%&#8220; max_width_phone=&#8220;80%&#8220; max_width_last_edited=&#8220;on|tablet&#8220; module_alignment=&#8220;center&#8220; text_orientation_tablet=&#8220;center&#8220; text_orientation_phone=&#8220;center&#8220; text_orientation_last_edited=&#8220;on|tablet&#8220; global_colors_info=&#8220;{}&#8220;]<\/p>\n<p>2008 trat die Reform des EU-Weinsektors in Kraft, die darauf abzielt, den Markt ins Gleichgewicht zu bringen, unwirksame und kostspielige Interventionsma\u00dfnahmen abzuschaffen und Haushaltsmittel f\u00fcr positivere und dynamischere Ma\u00dfnahmen zur Steigerung der Wettbewerbsf\u00e4higkeit der europ\u00e4ischen Weine bereitzustellen. Zu diesem Zweck hat Perlage eine Reihe von Ma\u00dfnahmen umgesetzt, die die gesamte Weinkette von der Erzeugung \u00fcber die Verarbeitung bis hin zur Vermarktung und Absatzf\u00f6rderung betreffen. <\/p>\n<p>[\/et_pb_text][et_pb_button button_url=&#8220;#&#8220; button_text=&#8220;Laden Sie die Erkl\u00e4rung herunter&#8220; button_alignment=&#8220;left&#8220; button_alignment_tablet=&#8220;center&#8220; button_alignment_phone=&#8220;center&#8220; button_alignment_last_edited=&#8220;on|tablet&#8220; _builder_version=&#8220;4.27.5&#8243; _module_preset=&#8220;default&#8220; custom_button=&#8220;on&#8220; button_text_size=&#8220;14px&#8220; button_text_color=&#8220;#FFFFFF&#8220; button_bg_color=&#8220;#706158&#8243; button_border_width=&#8220;1px&#8220; button_border_color=&#8220;#706158&#8243; button_border_radius=&#8220;0px&#8220; button_font=&#8220;|700||on|||||&#8220; button_use_icon=&#8220;off&#8220; custom_padding=&#8220;10px|50px|10px|50px|true|true&#8220; custom_padding_last_edited=&#8220;off|desktop&#8220; locked=&#8220;off&#8220; global_colors_info=&#8220;{}&#8220; button_bg_color__hover_enabled=&#8220;on|desktop&#8220; button_bg_color__hover=&#8220;RGBA(255,255,255,0)&#8220; button_bg_enable_color__hover=&#8220;on&#8220; button_text_color__hover_enabled=&#8220;on|hover&#8220; button_text_color__hover=&#8220;#706158&#8243; button_border_color__hover_enabled=&#8220;off|hover&#8220; button_border_color__hover=&#8220;#706158&#8243;][\/et_pb_button][\/et_pb_column][et_pb_column type=&#8220;2_5&#8243; _builder_version=&#8220;4.27.4&#8243; _module_preset=&#8220;default&#8220; global_colors_info=&#8220;{}&#8220;][et_pb_image src=&#8220;https:\/\/www.perlagewines.com\/wp-content\/uploads\/2025\/11\/perlage-icon-green.svg&#8220; title_text=&#8220;perlage-icon-gr\u00fcn&#8220; align=&#8220;center&#8220; _builder_version=&#8220;4.27.5&#8243; _module_preset=&#8220;default&#8220; max_width=&#8220;400px&#8220; max_width_tablet=&#8220;150px&#8220; max_width_phone=&#8220;150px&#8220; max_width_last_edited=&#8220;on|tablet&#8220; global_colors_info=&#8220;{}&#8220;][\/et_pb_image][\/et_pb_column][\/et_pb_row][\/et_pb_section][et_pb_section fb_built=&#8220;1&#8243; custom_padding_last_edited=&#8220;on|tablet&#8220; _builder_version=&#8220;4.27.4&#8243; _module_preset=&#8220;default&#8220; background_color=&#8220;#FFF6ED&#8220; custom_padding_tablet=&#8220;0px||||false|false&#8220; custom_padding_phone=&#8220;0px||||false|false&#8220; global_colors_info=&#8220;{}&#8220;][et_pb_row use_custom_gutter=&#8220;on&#8220; make_equal=&#8220;on&#8220; custom_padding_last_edited=&#8220;on|tablet&#8220; _builder_version=&#8220;4.27.5&#8243; _module_preset=&#8220;default&#8220; width=&#8220;90%&#8220; width_tablet=&#8220;90%&#8220; width_phone=&#8220;80%&#8220; width_last_edited=&#8220;on|phone&#8220; custom_margin_tablet=&#8220;0px||||false|false&#8220; custom_margin_phone=&#8220;0px||||false|false&#8220; custom_margin_last_edited=&#8220;on|tablet&#8220; custom_padding_tablet=&#8220;0px||||false|false&#8220; custom_padding_phone=&#8220;0px||||false|false&#8220; global_colors_info=&#8220;{}&#8220;][et_pb_column type=&#8220;4_4&#8243; _builder_version=&#8220;4.27.4&#8243; _module_preset=&#8220;default&#8220; global_colors_info=&#8220;{}&#8220;][et_pb_text _builder_version=&#8220;4.27.5&#8243; _module_preset=&#8220;default&#8220; text_text_color=&#8220;#FFFFFF&#8220; header_2_font=&#8220;||||||||&#8220; header_2_text_color=&#8220;#212121&#8243; text_orientation=&#8220;center&#8220; custom_margin=&#8220;||0px||false|false&#8220; header_2_font_size_tablet=&#8220;40px&#8220; header_2_font_size_phone=&#8220;34px&#8220; header_2_font_size_last_edited=&#8220;on|phone&#8220; custom_css_free_form=&#8220;selector h1  {||   padding: 0;||}&#8220; locked=&#8220;off&#8220; global_colors_info=&#8220;{}&#8220;]<\/p>\n<h2>Bericht \u00fcber die Auswirkungen<\/h2>\n<p>[\/et_pb_text][et_pb_text _builder_version=&#8220;4.27.5&#8243; _module_preset=&#8220;default&#8220; text_orientation=&#8220;center&#8220; max_width=&#8220;980px&#8220; module_alignment=&#8220;center&#8220; global_colors_info=&#8220;{}&#8220;]<\/p>\n<p>Der Wirkungsbericht (Art. 382-383 Gesetz 208\/2015) enth\u00e4lt eine Beschreibung der spezifischen Ziele, Methoden und Ma\u00dfnahmen, die zur Verfolgung der Ziele des Gemeinwohls im Bezugsjahr durchgef\u00fchrt wurden. Weitere Abschnitte sind der Beschreibung der Ziele f\u00fcr das folgende Jahr und der Bewertung der erzielten Auswirkungen anhand eines externen Standards (BImpact Assessment) gewidmet. <\/p>\n<p>[\/et_pb_text][\/et_pb_column][\/et_pb_row][et_pb_row use_custom_gutter=&#8220;on&#8220; make_equal=&#8220;on&#8220; _builder_version=&#8220;4.27.4&#8243; _module_preset=&#8220;default&#8220; width=&#8220;90%&#8220; custom_padding=&#8220;0px||||false|false&#8220; global_colors_info=&#8220;{}&#8220;][et_pb_column type=&#8220;4_4&#8243; _builder_version=&#8220;4.27.4&#8243; _module_preset=&#8220;default&#8220; custom_css_main_element=&#8220;display: flex;||justify-content: center;||gap: 2%;&#8220; global_colors_info=&#8220;{}&#8220; custom_css_main_element_last_edited=&#8220;on|phone&#8220; custom_css_main_element_phone=&#8220;display: block;&#8220; custom_css_main_element_tablet=&#8220;display: flex;||justify-content: center;||gap: 2%;&#8220;][et_pb_button button_url=&#8220;#&#8220; button_text=&#8220;Bericht 2023 herunterladen&#8220; button_alignment=&#8220;center&#8220; _builder_version=&#8220;4.27.5&#8243; _module_preset=&#8220;default&#8220; custom_button=&#8220;on&#8220; button_text_size=&#8220;14px&#8220; button_text_color=&#8220;#FFFFFF&#8220; button_bg_color=&#8220;#706158&#8243; button_border_width=&#8220;1px&#8220; button_border_color=&#8220;#706158&#8243; button_border_radius=&#8220;0px&#8220; button_font=&#8220;|700||on|||||&#8220; button_use_icon=&#8220;off&#8220; custom_padding=&#8220;10px|50px|10px|50px|true|true&#8220; custom_padding_last_edited=&#8220;off|desktop&#8220; locked=&#8220;off&#8220; global_colors_info=&#8220;{}&#8220; button_bg_color__hover_enabled=&#8220;on|desktop&#8220; button_bg_color__hover=&#8220;RGBA(255,255,255,0)&#8220; button_bg_enable_color__hover=&#8220;on&#8220; button_text_color__hover_enabled=&#8220;on|hover&#8220; button_text_color__hover=&#8220;#706158&#8243; button_border_color__hover_enabled=&#8220;off|hover&#8220; button_border_color__hover=&#8220;#706158&#8243;][\/et_pb_button][et_pb_button button_url=&#8220;#&#8220; button_text=&#8220;Laden Sie den Bericht 2022 herunter&#8220; button_alignment=&#8220;center&#8220; _builder_version=&#8220;4.27.5&#8243; _module_preset=&#8220;default&#8220; custom_button=&#8220;on&#8220; button_text_size=&#8220;14px&#8220; button_text_color=&#8220;#FFFFFF&#8220; button_bg_color=&#8220;#706158&#8243; button_border_width=&#8220;1px&#8220; button_border_color=&#8220;#706158&#8243; button_border_radius=&#8220;0px&#8220; button_font=&#8220;|700||on|||||&#8220; button_use_icon=&#8220;off&#8220; custom_padding=&#8220;10px|50px|10px|50px|true|true&#8220; locked=&#8220;off&#8220; global_colors_info=&#8220;{}&#8220; button_bg_color__hover_enabled=&#8220;on|desktop&#8220; button_bg_color__hover=&#8220;RGBA(255,255,255,0)&#8220; button_bg_enable_color__hover=&#8220;on&#8220; button_text_color__hover_enabled=&#8220;on|hover&#8220; button_text_color__hover=&#8220;#706158&#8243; button_border_color__hover_enabled=&#8220;off|hover&#8220; button_border_color__hover=&#8220;#706158&#8243;][\/et_pb_button][\/et_pb_column][\/et_pb_row][\/et_pb_section][et_pb_section fb_built=&#8220;1&#8243; custom_padding_last_edited=&#8220;on|phone&#8220; _builder_version=&#8220;4.27.4&#8243; _module_preset=&#8220;default&#8220; use_background_color_gradient=&#8220;on&#8220; background_color_gradient_stops=&#8220;rgba(33,33,33,0.6) 0%|rgba(33,33,33,0.3) 100%&#8220; background_color_gradient_overlays_image=&#8220;on&#8220; background_image=&#8220;https:\/\/www.perlagewines.com\/wp-content\/uploads\/2025\/11\/perlage-certificazioni-section-2.webp&#8220; background_position=&#8220;bottom_center&#8220; background_vertical_offset=&#8220;40%&#8220; custom_padding=&#8220;8%||8%||true|false&#8220; custom_padding_tablet=&#8220;8%||8%||true|false&#8220; custom_padding_phone=&#8220;12%||12%||true|false&#8220; locked=&#8220;off&#8220; global_colors_info=&#8220;{}&#8220;][et_pb_row use_custom_gutter=&#8220;on&#8220; make_equal=&#8220;on&#8220; _builder_version=&#8220;4.27.4&#8243; _module_preset=&#8220;default&#8220; width=&#8220;90%&#8220; global_colors_info=&#8220;{}&#8220;][et_pb_column type=&#8220;4_4&#8243; _builder_version=&#8220;4.27.4&#8243; _module_preset=&#8220;default&#8220; global_colors_info=&#8220;{}&#8220;][et_pb_text _builder_version=&#8220;4.27.5&#8243; _module_preset=&#8220;default&#8220; text_text_color=&#8220;#FFFFFF&#8220; header_2_font=&#8220;||||||||&#8220; header_2_text_color=&#8220;#FFFFFF&#8220; header_2_font_size=&#8220;44px&#8220; text_orientation=&#8220;center&#8220; custom_margin=&#8220;||0px||false|false&#8220; custom_padding=&#8220;||0px||false|false&#8220; header_2_font_size_tablet=&#8220;44px&#8220; header_2_font_size_phone=&#8220;30px&#8220; header_2_font_size_last_edited=&#8220;on|phone&#8220; locked=&#8220;off&#8220; global_colors_info=&#8220;{}&#8220;]<\/p>\n<h2>Unsere Nachhaltigkeitsprojekte.<br \/>Wir kultivieren die Zukunft und sch\u00fctzen gleichzeitig die Gegenwart.<\/h2>\n<p>[\/et_pb_text][et_pb_text _builder_version=&#8220;4.27.5&#8243; _module_preset=&#8220;default&#8220; text_text_color=&#8220;#FFFFFF&#8220; text_orientation=&#8220;center&#8220; locked=&#8220;off&#8220; global_colors_info=&#8220;{}&#8220;]<\/p>\n<p>Es gibt Projekte, die aus einer Intuition heraus geboren werden und dann wie Sprossen unter der Sonne wachsen.<\/p>\n<p>[\/et_pb_text][et_pb_button button_url=&#8220;https:\/\/www.perlagewines.com\/de\/wer-baut-die-zukunft-mit-uns-auf\/&#8220; button_text=&#8220;Erfahren Sie mehr&#8220; button_alignment=&#8220;center&#8220; _builder_version=&#8220;4.27.6&#8243; _module_preset=&#8220;default&#8220; custom_button=&#8220;on&#8220; button_text_size=&#8220;14px&#8220; button_text_color=&#8220;#706158&#8243; button_bg_color=&#8220;#FFFFFF&#8220; button_border_width=&#8220;1px&#8220; button_border_color=&#8220;#FFFFFF&#8220; button_border_radius=&#8220;0px&#8220; button_font=&#8220;|700||on|||||&#8220; button_use_icon=&#8220;off&#8220; custom_padding=&#8220;10px|50px|10px|50px|true|true&#8220; custom_padding_last_edited=&#8220;off|desktop&#8220; hover_enabled=&#8220;0&#8243; locked=&#8220;off&#8220; global_colors_info=&#8220;{}&#8220; button_bg_color__hover_enabled=&#8220;on|desktop&#8220; button_bg_color__hover=&#8220;RGBA(255,255,255,0)&#8220; button_bg_enable_color__hover=&#8220;on&#8220; button_text_color__hover_enabled=&#8220;on|desktop&#8220; button_text_color__hover=&#8220;#FFFFFF&#8220; button_border_color__hover_enabled=&#8220;on|desktop&#8220; button_border_color__hover=&#8220;#FFFFFF&#8220; sticky_enabled=&#8220;0&#8243;][\/et_pb_button][\/et_pb_column][\/et_pb_row][\/et_pb_section]<\/p>\n","protected":false},"excerpt":{"rendered":"<p>TRANSPARENCY,Perlage wird offiziell ein &#8218;Wohlt\u00e4tigkeitsvereinIm Dezember 2019 hat die Aktion\u00e4rsversammlung von Perlage einstimmig f\u00fcr die neue Satzung gestimmt, die die Umwandlung von Perlage in eine &#8218;Societ\u00e0 Benefit&#8216; sanktioniert, eine von der italienischen Rechtsprechung anerkannte Gesellschaftsform, die ihr gemeinn\u00fctziges Engagement regelt.Mit diesem neuen, wichtigen Schritt unterstreicht Perlage noch st\u00e4rker und entschiedener sein Engagement f\u00fcr die soziale [&hellip;]<\/p>\n","protected":false},"author":1,"featured_media":0,"parent":0,"menu_order":0,"comment_status":"closed","ping_status":"closed","template":"","meta":{"_acf_changed":false,"_et_pb_use_builder":"on","_et_pb_old_content":"","_et_gb_content_width":"","footnotes":""},"class_list":["post-261804","page","type-page","status-publish","hentry"],"acf":[],"yoast_head":"<!-- This site is optimized with the Yoast SEO plugin v27.4 - https:\/\/yoast.com\/product\/yoast-seo-wordpress\/ -->\n<title>Transparenz | Perlage<\/title>\n<meta name=\"robots\" content=\"index, follow, max-snippet:-1, max-image-preview:large, max-video-preview:-1\" \/>\n<link rel=\"canonical\" href=\"https:\/\/www.perlagewines.com\/trasparenza\/\" \/>\n<meta property=\"og:locale\" content=\"de_DE\" \/>\n<meta property=\"og:type\" content=\"article\" \/>\n<meta property=\"og:title\" content=\"Transparenz | Perlage\" \/>\n<meta property=\"og:description\" content=\"TRANSPARENCY,Perlage wird offiziell ein &#039;Wohlt\u00e4tigkeitsvereinIm Dezember 2019 hat die Aktion\u00e4rsversammlung von Perlage einstimmig f\u00fcr die neue Satzung gestimmt, die die Umwandlung von Perlage in eine &#039;Societ\u00e0 Benefit&#039; sanktioniert, eine von der italienischen Rechtsprechung anerkannte Gesellschaftsform, die ihr gemeinn\u00fctziges Engagement regelt.Mit diesem neuen, wichtigen Schritt unterstreicht Perlage noch st\u00e4rker und entschiedener sein Engagement f\u00fcr die soziale [&hellip;]\" \/>\n<meta property=\"og:url\" content=\"https:\/\/www.perlagewines.com\/trasparenza\/\" \/>\n<meta property=\"og:site_name\" content=\"Perlage\" \/>\n<meta property=\"article:publisher\" content=\"https:\/\/www.facebook.com\/PerlageOrganicWines\/\" \/>\n<meta property=\"article:modified_time\" content=\"2026-04-08T14:28:56+00:00\" \/>\n<meta name=\"twitter:card\" content=\"summary_large_image\" \/>\n<meta name=\"twitter:label1\" content=\"Gesch\u00e4tzte Lesezeit\" \/>\n\t<meta name=\"twitter:data1\" content=\"9\u00a0Minuten\" \/>\n<script type=\"application\/ld+json\" class=\"yoast-schema-graph\">{\"@context\":\"https:\\\/\\\/schema.org\",\"@graph\":[{\"@type\":\"WebPage\",\"@id\":\"https:\\\/\\\/www.perlagewines.com\\\/trasparenza\\\/\",\"url\":\"https:\\\/\\\/www.perlagewines.com\\\/trasparenza\\\/\",\"name\":\"Transparenz | Perlage\",\"isPartOf\":{\"@id\":\"https:\\\/\\\/www.perlagewines.com\\\/#website\"},\"datePublished\":\"2025-11-17T16:10:55+00:00\",\"dateModified\":\"2026-04-08T14:28:56+00:00\",\"breadcrumb\":{\"@id\":\"https:\\\/\\\/www.perlagewines.com\\\/trasparenza\\\/#breadcrumb\"},\"inLanguage\":\"de\",\"potentialAction\":[{\"@type\":\"ReadAction\",\"target\":[\"https:\\\/\\\/www.perlagewines.com\\\/trasparenza\\\/\"]}]},{\"@type\":\"BreadcrumbList\",\"@id\":\"https:\\\/\\\/www.perlagewines.com\\\/trasparenza\\\/#breadcrumb\",\"itemListElement\":[{\"@type\":\"ListItem\",\"position\":1,\"name\":\"Home\",\"item\":\"https:\\\/\\\/www.perlagewines.com\\\/de\\\/\"},{\"@type\":\"ListItem\",\"position\":2,\"name\":\"Transparenz\"}]},{\"@type\":\"WebSite\",\"@id\":\"https:\\\/\\\/www.perlagewines.com\\\/#website\",\"url\":\"https:\\\/\\\/www.perlagewines.com\\\/\",\"name\":\"Perlage\",\"description\":\"Vini biologici dal 1985\",\"publisher\":{\"@id\":\"https:\\\/\\\/www.perlagewines.com\\\/#organization\"},\"potentialAction\":[{\"@type\":\"SearchAction\",\"target\":{\"@type\":\"EntryPoint\",\"urlTemplate\":\"https:\\\/\\\/www.perlagewines.com\\\/?s={search_term_string}\"},\"query-input\":{\"@type\":\"PropertyValueSpecification\",\"valueRequired\":true,\"valueName\":\"search_term_string\"}}],\"inLanguage\":\"de\"},{\"@type\":\"Organization\",\"@id\":\"https:\\\/\\\/www.perlagewines.com\\\/#organization\",\"name\":\"Perlage\",\"url\":\"https:\\\/\\\/www.perlagewines.com\\\/\",\"logo\":{\"@type\":\"ImageObject\",\"inLanguage\":\"de\",\"@id\":\"https:\\\/\\\/www.perlagewines.com\\\/#\\\/schema\\\/logo\\\/image\\\/\",\"url\":\"https:\\\/\\\/www.perlagewines.com\\\/wp-content\\\/uploads\\\/2025\\\/10\\\/perlage-logo.svg\",\"contentUrl\":\"https:\\\/\\\/www.perlagewines.com\\\/wp-content\\\/uploads\\\/2025\\\/10\\\/perlage-logo.svg\",\"width\":222,\"height\":78,\"caption\":\"Perlage\"},\"image\":{\"@id\":\"https:\\\/\\\/www.perlagewines.com\\\/#\\\/schema\\\/logo\\\/image\\\/\"},\"sameAs\":[\"https:\\\/\\\/www.facebook.com\\\/PerlageOrganicWines\\\/\",\"https:\\\/\\\/www.instagram.com\\\/perlage_winery\\\/\",\"https:\\\/\\\/www.linkedin.com\\\/company\\\/perlage-wines\\\/\"]}]}<\/script>\n<!-- \/ Yoast SEO plugin. -->","yoast_head_json":{"title":"Transparenz | Perlage","robots":{"index":"index","follow":"follow","max-snippet":"max-snippet:-1","max-image-preview":"max-image-preview:large","max-video-preview":"max-video-preview:-1"},"canonical":"https:\/\/www.perlagewines.com\/trasparenza\/","og_locale":"de_DE","og_type":"article","og_title":"Transparenz | Perlage","og_description":"TRANSPARENCY,Perlage wird offiziell ein 'Wohlt\u00e4tigkeitsvereinIm Dezember 2019 hat die Aktion\u00e4rsversammlung von Perlage einstimmig f\u00fcr die neue Satzung gestimmt, die die Umwandlung von Perlage in eine 'Societ\u00e0 Benefit' sanktioniert, eine von der italienischen Rechtsprechung anerkannte Gesellschaftsform, die ihr gemeinn\u00fctziges Engagement regelt.Mit diesem neuen, wichtigen Schritt unterstreicht Perlage noch st\u00e4rker und entschiedener sein Engagement f\u00fcr die soziale [&hellip;]","og_url":"https:\/\/www.perlagewines.com\/trasparenza\/","og_site_name":"Perlage","article_publisher":"https:\/\/www.facebook.com\/PerlageOrganicWines\/","article_modified_time":"2026-04-08T14:28:56+00:00","twitter_card":"summary_large_image","twitter_misc":{"Gesch\u00e4tzte Lesezeit":"9\u00a0Minuten"},"schema":{"@context":"https:\/\/schema.org","@graph":[{"@type":"WebPage","@id":"https:\/\/www.perlagewines.com\/trasparenza\/","url":"https:\/\/www.perlagewines.com\/trasparenza\/","name":"Transparenz | Perlage","isPartOf":{"@id":"https:\/\/www.perlagewines.com\/#website"},"datePublished":"2025-11-17T16:10:55+00:00","dateModified":"2026-04-08T14:28:56+00:00","breadcrumb":{"@id":"https:\/\/www.perlagewines.com\/trasparenza\/#breadcrumb"},"inLanguage":"de","potentialAction":[{"@type":"ReadAction","target":["https:\/\/www.perlagewines.com\/trasparenza\/"]}]},{"@type":"BreadcrumbList","@id":"https:\/\/www.perlagewines.com\/trasparenza\/#breadcrumb","itemListElement":[{"@type":"ListItem","position":1,"name":"Home","item":"https:\/\/www.perlagewines.com\/de\/"},{"@type":"ListItem","position":2,"name":"Transparenz"}]},{"@type":"WebSite","@id":"https:\/\/www.perlagewines.com\/#website","url":"https:\/\/www.perlagewines.com\/","name":"Perlage","description":"Vini biologici dal 1985","publisher":{"@id":"https:\/\/www.perlagewines.com\/#organization"},"potentialAction":[{"@type":"SearchAction","target":{"@type":"EntryPoint","urlTemplate":"https:\/\/www.perlagewines.com\/?s={search_term_string}"},"query-input":{"@type":"PropertyValueSpecification","valueRequired":true,"valueName":"search_term_string"}}],"inLanguage":"de"},{"@type":"Organization","@id":"https:\/\/www.perlagewines.com\/#organization","name":"Perlage","url":"https:\/\/www.perlagewines.com\/","logo":{"@type":"ImageObject","inLanguage":"de","@id":"https:\/\/www.perlagewines.com\/#\/schema\/logo\/image\/","url":"https:\/\/www.perlagewines.com\/wp-content\/uploads\/2025\/10\/perlage-logo.svg","contentUrl":"https:\/\/www.perlagewines.com\/wp-content\/uploads\/2025\/10\/perlage-logo.svg","width":222,"height":78,"caption":"Perlage"},"image":{"@id":"https:\/\/www.perlagewines.com\/#\/schema\/logo\/image\/"},"sameAs":["https:\/\/www.facebook.com\/PerlageOrganicWines\/","https:\/\/www.instagram.com\/perlage_winery\/","https:\/\/www.linkedin.com\/company\/perlage-wines\/"]}]}},"_links":{"self":[{"href":"https:\/\/www.perlagewines.com\/de\/wp-json\/wp\/v2\/pages\/261804","targetHints":{"allow":["GET"]}}],"collection":[{"href":"https:\/\/www.perlagewines.com\/de\/wp-json\/wp\/v2\/pages"}],"about":[{"href":"https:\/\/www.perlagewines.com\/de\/wp-json\/wp\/v2\/types\/page"}],"author":[{"embeddable":true,"href":"https:\/\/www.perlagewines.com\/de\/wp-json\/wp\/v2\/users\/1"}],"replies":[{"embeddable":true,"href":"https:\/\/www.perlagewines.com\/de\/wp-json\/wp\/v2\/comments?post=261804"}],"version-history":[{"count":12,"href":"https:\/\/www.perlagewines.com\/de\/wp-json\/wp\/v2\/pages\/261804\/revisions"}],"predecessor-version":[{"id":261896,"href":"https:\/\/www.perlagewines.com\/de\/wp-json\/wp\/v2\/pages\/261804\/revisions\/261896"}],"wp:attachment":[{"href":"https:\/\/www.perlagewines.com\/de\/wp-json\/wp\/v2\/media?parent=261804"}],"curies":[{"name":"wp","href":"https:\/\/api.w.org\/{rel}","templated":true}]}}