{"id":261440,"date":"2026-03-24T17:00:12","date_gmt":"2026-03-24T16:00:12","guid":{"rendered":"https:\/\/www.perlagewines.com\/prodotto\/col-di-manza-magnum\/"},"modified":"2026-03-24T17:00:12","modified_gmt":"2026-03-24T16:00:12","slug":"col-di-manza-magnum","status":"publish","type":"product","link":"https:\/\/www.perlagewines.com\/de\/produkt\/col-di-manza-magnum\/","title":{"rendered":"Col di Manza Magnum"},"content":{"rendered":"<p>Auf den hellen H\u00fcgeln von Farra di Soligo wachsen die Reben nach biodynamischen Prinzipien, in einem st\u00e4ndigen Dialog mit den nat\u00fcrlichen und subtilen Kr\u00e4ften. Aus diesem Gleichgewicht heraus entstand Col di Manza: ein Extra<br \/>\nDry mit Aromen von Wildblumen und reifen Fr\u00fcchten, mit einem weichen, umh\u00fcllenden Schluck, der die Ruhe der H\u00fcgel, aus denen er stammt, zu vermitteln vermag.<br \/>\nEs ist ein Wein, der Sie dazu einl\u00e4dt, langsamer zu werden, die Details zu erfassen, die wesentliche Sch\u00f6nheit der Dinge zu erkennen, wenn Sie nichts hinzuf\u00fcgen - und einfach zuzuh\u00f6ren, was das Land zu bieten hat. <\/p>\n","protected":false},"excerpt":{"rendered":"<p>Conegliano Valdobbiadene Prosecco DOCG Extra Dry Millesimato<\/p>\n","protected":false},"featured_media":261444,"comment_status":"open","ping_status":"closed","template":"","meta":{"_acf_changed":false,"_et_pb_use_builder":"","_et_pb_old_content":"","_et_gb_content_width":""},"product_brand":[],"product_cat":[109,89,119],"product_tag":[],"class_list":{"0":"post-261440","1":"product","2":"type-product","3":"status-publish","4":"has-post-thumbnail","6":"product_cat-bio-limited-editions","7":"product_cat-bio-prosecco-superiore-docg","8":"product_cat-magnum","10":"first","11":"instock","12":"taxable","13":"shipping-taxable","14":"product-type-simple"},"acf":[],"yoast_head":"<!-- This site is optimized with the Yoast SEO plugin v27.4 - https:\/\/yoast.com\/product\/yoast-seo-wordpress\/ -->\n<title>Col di Manza Magnum | Perlage<\/title>\n<meta name=\"robots\" content=\"index, follow, max-snippet:-1, max-image-preview:large, max-video-preview:-1\" \/>\n<link rel=\"canonical\" href=\"https:\/\/www.perlagewines.com\/prodotto\/col-di-manza-magnum\/\" \/>\n<meta property=\"og:locale\" content=\"de_DE\" \/>\n<meta property=\"og:type\" content=\"article\" \/>\n<meta property=\"og:title\" content=\"Col di Manza Magnum | Perlage\" \/>\n<meta property=\"og:description\" content=\"Conegliano Valdobbiadene Prosecco DOCG Extra Dry Millesimato\" \/>\n<meta property=\"og:url\" content=\"https:\/\/www.perlagewines.com\/prodotto\/col-di-manza-magnum\/\" \/>\n<meta property=\"og:site_name\" content=\"Perlage\" \/>\n<meta property=\"article:publisher\" content=\"https:\/\/www.facebook.com\/PerlageOrganicWines\/\" \/>\n<meta property=\"og:image\" content=\"https:\/\/www.perlagewines.com\/wp-content\/uploads\/2026\/03\/Col-di-Manza-Magnum-Cartone.webp\" \/>\n\t<meta property=\"og:image:width\" content=\"2210\" \/>\n\t<meta property=\"og:image:height\" content=\"2210\" \/>\n\t<meta property=\"og:image:type\" content=\"image\/webp\" \/>\n<meta name=\"twitter:card\" content=\"summary_large_image\" \/>\n<meta name=\"twitter:label1\" content=\"Gesch\u00e4tzte Lesezeit\" \/>\n\t<meta name=\"twitter:data1\" content=\"1\u00a0Minute\" \/>\n<script type=\"application\/ld+json\" class=\"yoast-schema-graph\">{\"@context\":\"https:\\\/\\\/schema.org\",\"@graph\":[{\"@type\":\"WebPage\",\"@id\":\"https:\\\/\\\/www.perlagewines.com\\\/prodotto\\\/col-di-manza-magnum\\\/\",\"url\":\"https:\\\/\\\/www.perlagewines.com\\\/prodotto\\\/col-di-manza-magnum\\\/\",\"name\":\"Col di Manza Magnum | Perlage\",\"isPartOf\":{\"@id\":\"https:\\\/\\\/www.perlagewines.com\\\/#website\"},\"primaryImageOfPage\":{\"@id\":\"https:\\\/\\\/www.perlagewines.com\\\/prodotto\\\/col-di-manza-magnum\\\/#primaryimage\"},\"image\":{\"@id\":\"https:\\\/\\\/www.perlagewines.com\\\/prodotto\\\/col-di-manza-magnum\\\/#primaryimage\"},\"thumbnailUrl\":\"https:\\\/\\\/www.perlagewines.com\\\/wp-content\\\/uploads\\\/2026\\\/03\\\/Col-di-Manza-Magnum-Cartone.webp\",\"datePublished\":\"2026-03-24T16:00:12+00:00\",\"breadcrumb\":{\"@id\":\"https:\\\/\\\/www.perlagewines.com\\\/prodotto\\\/col-di-manza-magnum\\\/#breadcrumb\"},\"inLanguage\":\"de\",\"potentialAction\":[{\"@type\":\"ReadAction\",\"target\":[\"https:\\\/\\\/www.perlagewines.com\\\/prodotto\\\/col-di-manza-magnum\\\/\"]}]},{\"@type\":\"ImageObject\",\"inLanguage\":\"de\",\"@id\":\"https:\\\/\\\/www.perlagewines.com\\\/prodotto\\\/col-di-manza-magnum\\\/#primaryimage\",\"url\":\"https:\\\/\\\/www.perlagewines.com\\\/wp-content\\\/uploads\\\/2026\\\/03\\\/Col-di-Manza-Magnum-Cartone.webp\",\"contentUrl\":\"https:\\\/\\\/www.perlagewines.com\\\/wp-content\\\/uploads\\\/2026\\\/03\\\/Col-di-Manza-Magnum-Cartone.webp\",\"width\":2210,\"height\":2210},{\"@type\":\"BreadcrumbList\",\"@id\":\"https:\\\/\\\/www.perlagewines.com\\\/prodotto\\\/col-di-manza-magnum\\\/#breadcrumb\",\"itemListElement\":[{\"@type\":\"ListItem\",\"position\":1,\"name\":\"Home\",\"item\":\"https:\\\/\\\/www.perlagewines.com\\\/de\\\/\"},{\"@type\":\"ListItem\",\"position\":2,\"name\":\"Shop\",\"item\":\"https:\\\/\\\/www.perlagewines.com\\\/de\\\/shop\\\/\"},{\"@type\":\"ListItem\",\"position\":3,\"name\":\"Col di Manza Magnum\"}]},{\"@type\":\"WebSite\",\"@id\":\"https:\\\/\\\/www.perlagewines.com\\\/#website\",\"url\":\"https:\\\/\\\/www.perlagewines.com\\\/\",\"name\":\"Perlage\",\"description\":\"Vini biologici dal 1985\",\"publisher\":{\"@id\":\"https:\\\/\\\/www.perlagewines.com\\\/#organization\"},\"potentialAction\":[{\"@type\":\"SearchAction\",\"target\":{\"@type\":\"EntryPoint\",\"urlTemplate\":\"https:\\\/\\\/www.perlagewines.com\\\/?s={search_term_string}\"},\"query-input\":{\"@type\":\"PropertyValueSpecification\",\"valueRequired\":true,\"valueName\":\"search_term_string\"}}],\"inLanguage\":\"de\"},{\"@type\":\"Organization\",\"@id\":\"https:\\\/\\\/www.perlagewines.com\\\/#organization\",\"name\":\"Perlage\",\"url\":\"https:\\\/\\\/www.perlagewines.com\\\/\",\"logo\":{\"@type\":\"ImageObject\",\"inLanguage\":\"de\",\"@id\":\"https:\\\/\\\/www.perlagewines.com\\\/#\\\/schema\\\/logo\\\/image\\\/\",\"url\":\"https:\\\/\\\/www.perlagewines.com\\\/wp-content\\\/uploads\\\/2025\\\/10\\\/perlage-logo.svg\",\"contentUrl\":\"https:\\\/\\\/www.perlagewines.com\\\/wp-content\\\/uploads\\\/2025\\\/10\\\/perlage-logo.svg\",\"width\":222,\"height\":78,\"caption\":\"Perlage\"},\"image\":{\"@id\":\"https:\\\/\\\/www.perlagewines.com\\\/#\\\/schema\\\/logo\\\/image\\\/\"},\"sameAs\":[\"https:\\\/\\\/www.facebook.com\\\/PerlageOrganicWines\\\/\",\"https:\\\/\\\/www.instagram.com\\\/perlage_winery\\\/\",\"https:\\\/\\\/www.linkedin.com\\\/company\\\/perlage-wines\\\/\"]}]}<\/script>\n<!-- \/ Yoast SEO plugin. -->","yoast_head_json":{"title":"Col di Manza Magnum | Perlage","robots":{"index":"index","follow":"follow","max-snippet":"max-snippet:-1","max-image-preview":"max-image-preview:large","max-video-preview":"max-video-preview:-1"},"canonical":"https:\/\/www.perlagewines.com\/prodotto\/col-di-manza-magnum\/","og_locale":"de_DE","og_type":"article","og_title":"Col di Manza Magnum | Perlage","og_description":"Conegliano Valdobbiadene Prosecco DOCG Extra Dry Millesimato","og_url":"https:\/\/www.perlagewines.com\/prodotto\/col-di-manza-magnum\/","og_site_name":"Perlage","article_publisher":"https:\/\/www.facebook.com\/PerlageOrganicWines\/","og_image":[{"width":2210,"height":2210,"url":"https:\/\/www.perlagewines.com\/wp-content\/uploads\/2026\/03\/Col-di-Manza-Magnum-Cartone.webp","type":"image\/webp"}],"twitter_card":"summary_large_image","twitter_misc":{"Gesch\u00e4tzte Lesezeit":"1\u00a0Minute"},"schema":{"@context":"https:\/\/schema.org","@graph":[{"@type":"WebPage","@id":"https:\/\/www.perlagewines.com\/prodotto\/col-di-manza-magnum\/","url":"https:\/\/www.perlagewines.com\/prodotto\/col-di-manza-magnum\/","name":"Col di Manza Magnum | Perlage","isPartOf":{"@id":"https:\/\/www.perlagewines.com\/#website"},"primaryImageOfPage":{"@id":"https:\/\/www.perlagewines.com\/prodotto\/col-di-manza-magnum\/#primaryimage"},"image":{"@id":"https:\/\/www.perlagewines.com\/prodotto\/col-di-manza-magnum\/#primaryimage"},"thumbnailUrl":"https:\/\/www.perlagewines.com\/wp-content\/uploads\/2026\/03\/Col-di-Manza-Magnum-Cartone.webp","datePublished":"2026-03-24T16:00:12+00:00","breadcrumb":{"@id":"https:\/\/www.perlagewines.com\/prodotto\/col-di-manza-magnum\/#breadcrumb"},"inLanguage":"de","potentialAction":[{"@type":"ReadAction","target":["https:\/\/www.perlagewines.com\/prodotto\/col-di-manza-magnum\/"]}]},{"@type":"ImageObject","inLanguage":"de","@id":"https:\/\/www.perlagewines.com\/prodotto\/col-di-manza-magnum\/#primaryimage","url":"https:\/\/www.perlagewines.com\/wp-content\/uploads\/2026\/03\/Col-di-Manza-Magnum-Cartone.webp","contentUrl":"https:\/\/www.perlagewines.com\/wp-content\/uploads\/2026\/03\/Col-di-Manza-Magnum-Cartone.webp","width":2210,"height":2210},{"@type":"BreadcrumbList","@id":"https:\/\/www.perlagewines.com\/prodotto\/col-di-manza-magnum\/#breadcrumb","itemListElement":[{"@type":"ListItem","position":1,"name":"Home","item":"https:\/\/www.perlagewines.com\/de\/"},{"@type":"ListItem","position":2,"name":"Shop","item":"https:\/\/www.perlagewines.com\/de\/shop\/"},{"@type":"ListItem","position":3,"name":"Col di Manza Magnum"}]},{"@type":"WebSite","@id":"https:\/\/www.perlagewines.com\/#website","url":"https:\/\/www.perlagewines.com\/","name":"Perlage","description":"Vini biologici dal 1985","publisher":{"@id":"https:\/\/www.perlagewines.com\/#organization"},"potentialAction":[{"@type":"SearchAction","target":{"@type":"EntryPoint","urlTemplate":"https:\/\/www.perlagewines.com\/?s={search_term_string}"},"query-input":{"@type":"PropertyValueSpecification","valueRequired":true,"valueName":"search_term_string"}}],"inLanguage":"de"},{"@type":"Organization","@id":"https:\/\/www.perlagewines.com\/#organization","name":"Perlage","url":"https:\/\/www.perlagewines.com\/","logo":{"@type":"ImageObject","inLanguage":"de","@id":"https:\/\/www.perlagewines.com\/#\/schema\/logo\/image\/","url":"https:\/\/www.perlagewines.com\/wp-content\/uploads\/2025\/10\/perlage-logo.svg","contentUrl":"https:\/\/www.perlagewines.com\/wp-content\/uploads\/2025\/10\/perlage-logo.svg","width":222,"height":78,"caption":"Perlage"},"image":{"@id":"https:\/\/www.perlagewines.com\/#\/schema\/logo\/image\/"},"sameAs":["https:\/\/www.facebook.com\/PerlageOrganicWines\/","https:\/\/www.instagram.com\/perlage_winery\/","https:\/\/www.linkedin.com\/company\/perlage-wines\/"]}]}},"_links":{"self":[{"href":"https:\/\/www.perlagewines.com\/de\/wp-json\/wp\/v2\/product\/261440","targetHints":{"allow":["GET"]}}],"collection":[{"href":"https:\/\/www.perlagewines.com\/de\/wp-json\/wp\/v2\/product"}],"about":[{"href":"https:\/\/www.perlagewines.com\/de\/wp-json\/wp\/v2\/types\/product"}],"replies":[{"embeddable":true,"href":"https:\/\/www.perlagewines.com\/de\/wp-json\/wp\/v2\/comments?post=261440"}],"wp:featuredmedia":[{"embeddable":true,"href":"https:\/\/www.perlagewines.com\/de\/wp-json\/wp\/v2\/media\/261444"}],"wp:attachment":[{"href":"https:\/\/www.perlagewines.com\/de\/wp-json\/wp\/v2\/media?parent=261440"}],"wp:term":[{"taxonomy":"product_brand","embeddable":true,"href":"https:\/\/www.perlagewines.com\/de\/wp-json\/wp\/v2\/product_brand?post=261440"},{"taxonomy":"product_cat","embeddable":true,"href":"https:\/\/www.perlagewines.com\/de\/wp-json\/wp\/v2\/product_cat?post=261440"},{"taxonomy":"product_tag","embeddable":true,"href":"https:\/\/www.perlagewines.com\/de\/wp-json\/wp\/v2\/product_tag?post=261440"}],"curies":[{"name":"wp","href":"https:\/\/api.w.org\/{rel}","templated":true}]}}