{"id":261479,"date":"2026-03-24T17:00:12","date_gmt":"2026-03-24T16:00:12","guid":{"rendered":"https:\/\/www.perlagewines.com\/prodotto\/genesis\/"},"modified":"2026-04-08T16:27:51","modified_gmt":"2026-04-08T14:27:51","slug":"genesis","status":"publish","type":"product","link":"https:\/\/www.perlagewines.com\/de\/produkt\/genesis\/","title":{"rendered":"Genesis"},"content":{"rendered":"<p>Mit seinem geringen Restzucker und einer leichten Note von biologischem und fair gehandeltem Rohrzucker offenbart sich Genesis als reines und kontemplatives Erlebnis.<br \/>\nEine Hommage an die Essenz der Bl\u00e4schen, entwickelt f\u00fcr diejenigen, die in jedem Glas Harmonie und Ma\u00df suchen.<\/p>\n","protected":false},"excerpt":{"rendered":"<p>Asolo Prosecco DOCG Extra Brut<\/p>\n","protected":false},"featured_media":261474,"comment_status":"open","ping_status":"closed","template":"","meta":{"_acf_changed":false,"_et_pb_use_builder":"","_et_pb_old_content":"","_et_gb_content_width":""},"product_brand":[],"product_cat":[89],"product_tag":[],"class_list":{"0":"post-261479","1":"product","2":"type-product","3":"status-publish","4":"has-post-thumbnail","6":"product_cat-bio-prosecco-superiore-docg","8":"first","9":"instock","10":"taxable","11":"shipping-taxable","12":"product-type-simple"},"acf":[],"yoast_head":"<!-- This site is optimized with the Yoast SEO plugin v27.4 - https:\/\/yoast.com\/product\/yoast-seo-wordpress\/ -->\n<title>Genesis | Perlage<\/title>\n<meta name=\"robots\" content=\"index, follow, max-snippet:-1, max-image-preview:large, max-video-preview:-1\" \/>\n<link rel=\"canonical\" href=\"https:\/\/www.perlagewines.com\/prodotto\/genesis\/\" \/>\n<meta property=\"og:locale\" content=\"de_DE\" \/>\n<meta property=\"og:type\" content=\"article\" \/>\n<meta property=\"og:title\" content=\"Genesis | Perlage\" \/>\n<meta property=\"og:description\" content=\"Asolo Prosecco DOCG Extra Brut\" \/>\n<meta property=\"og:url\" content=\"https:\/\/www.perlagewines.com\/prodotto\/genesis\/\" \/>\n<meta property=\"og:site_name\" content=\"Perlage\" \/>\n<meta property=\"article:publisher\" content=\"https:\/\/www.facebook.com\/PerlageOrganicWines\/\" \/>\n<meta property=\"article:modified_time\" content=\"2026-04-08T14:27:51+00:00\" \/>\n<meta property=\"og:image\" content=\"https:\/\/www.perlagewines.com\/wp-content\/uploads\/2026\/02\/genesis-asolo-prosecco-superiore-docg-extra-brut-biologico-358x1200-1.png\" \/>\n\t<meta property=\"og:image:width\" content=\"1200\" \/>\n\t<meta property=\"og:image:height\" content=\"1200\" \/>\n\t<meta property=\"og:image:type\" content=\"image\/webp\" \/>\n<meta name=\"twitter:card\" content=\"summary_large_image\" \/>\n<script type=\"application\/ld+json\" class=\"yoast-schema-graph\">{\"@context\":\"https:\\\/\\\/schema.org\",\"@graph\":[{\"@type\":\"WebPage\",\"@id\":\"https:\\\/\\\/www.perlagewines.com\\\/prodotto\\\/genesis\\\/\",\"url\":\"https:\\\/\\\/www.perlagewines.com\\\/prodotto\\\/genesis\\\/\",\"name\":\"Genesis | Perlage\",\"isPartOf\":{\"@id\":\"https:\\\/\\\/www.perlagewines.com\\\/#website\"},\"primaryImageOfPage\":{\"@id\":\"https:\\\/\\\/www.perlagewines.com\\\/prodotto\\\/genesis\\\/#primaryimage\"},\"image\":{\"@id\":\"https:\\\/\\\/www.perlagewines.com\\\/prodotto\\\/genesis\\\/#primaryimage\"},\"thumbnailUrl\":\"https:\\\/\\\/www.perlagewines.com\\\/wp-content\\\/uploads\\\/2026\\\/02\\\/genesis-asolo-prosecco-superiore-docg-extra-brut-biologico-358x1200-1.png\",\"datePublished\":\"2026-03-24T16:00:12+00:00\",\"dateModified\":\"2026-04-08T14:27:51+00:00\",\"breadcrumb\":{\"@id\":\"https:\\\/\\\/www.perlagewines.com\\\/prodotto\\\/genesis\\\/#breadcrumb\"},\"inLanguage\":\"de\",\"potentialAction\":[{\"@type\":\"ReadAction\",\"target\":[\"https:\\\/\\\/www.perlagewines.com\\\/prodotto\\\/genesis\\\/\"]}]},{\"@type\":\"ImageObject\",\"inLanguage\":\"de\",\"@id\":\"https:\\\/\\\/www.perlagewines.com\\\/prodotto\\\/genesis\\\/#primaryimage\",\"url\":\"https:\\\/\\\/www.perlagewines.com\\\/wp-content\\\/uploads\\\/2026\\\/02\\\/genesis-asolo-prosecco-superiore-docg-extra-brut-biologico-358x1200-1.png\",\"contentUrl\":\"https:\\\/\\\/www.perlagewines.com\\\/wp-content\\\/uploads\\\/2026\\\/02\\\/genesis-asolo-prosecco-superiore-docg-extra-brut-biologico-358x1200-1.png\",\"width\":1200,\"height\":1200,\"caption\":\"Perlage-genesis-asolo-prosecco-superior-docg-extra-brut-bio\"},{\"@type\":\"BreadcrumbList\",\"@id\":\"https:\\\/\\\/www.perlagewines.com\\\/prodotto\\\/genesis\\\/#breadcrumb\",\"itemListElement\":[{\"@type\":\"ListItem\",\"position\":1,\"name\":\"Home\",\"item\":\"https:\\\/\\\/www.perlagewines.com\\\/de\\\/\"},{\"@type\":\"ListItem\",\"position\":2,\"name\":\"Shop\",\"item\":\"https:\\\/\\\/www.perlagewines.com\\\/de\\\/shop\\\/\"},{\"@type\":\"ListItem\",\"position\":3,\"name\":\"Genesis\"}]},{\"@type\":\"WebSite\",\"@id\":\"https:\\\/\\\/www.perlagewines.com\\\/#website\",\"url\":\"https:\\\/\\\/www.perlagewines.com\\\/\",\"name\":\"Perlage\",\"description\":\"Vini biologici dal 1985\",\"publisher\":{\"@id\":\"https:\\\/\\\/www.perlagewines.com\\\/#organization\"},\"potentialAction\":[{\"@type\":\"SearchAction\",\"target\":{\"@type\":\"EntryPoint\",\"urlTemplate\":\"https:\\\/\\\/www.perlagewines.com\\\/?s={search_term_string}\"},\"query-input\":{\"@type\":\"PropertyValueSpecification\",\"valueRequired\":true,\"valueName\":\"search_term_string\"}}],\"inLanguage\":\"de\"},{\"@type\":\"Organization\",\"@id\":\"https:\\\/\\\/www.perlagewines.com\\\/#organization\",\"name\":\"Perlage\",\"url\":\"https:\\\/\\\/www.perlagewines.com\\\/\",\"logo\":{\"@type\":\"ImageObject\",\"inLanguage\":\"de\",\"@id\":\"https:\\\/\\\/www.perlagewines.com\\\/#\\\/schema\\\/logo\\\/image\\\/\",\"url\":\"https:\\\/\\\/www.perlagewines.com\\\/wp-content\\\/uploads\\\/2025\\\/10\\\/perlage-logo.svg\",\"contentUrl\":\"https:\\\/\\\/www.perlagewines.com\\\/wp-content\\\/uploads\\\/2025\\\/10\\\/perlage-logo.svg\",\"width\":222,\"height\":78,\"caption\":\"Perlage\"},\"image\":{\"@id\":\"https:\\\/\\\/www.perlagewines.com\\\/#\\\/schema\\\/logo\\\/image\\\/\"},\"sameAs\":[\"https:\\\/\\\/www.facebook.com\\\/PerlageOrganicWines\\\/\",\"https:\\\/\\\/www.instagram.com\\\/perlage_winery\\\/\",\"https:\\\/\\\/www.linkedin.com\\\/company\\\/perlage-wines\\\/\"]}]}<\/script>\n<!-- \/ Yoast SEO plugin. -->","yoast_head_json":{"title":"Genesis | Perlage","robots":{"index":"index","follow":"follow","max-snippet":"max-snippet:-1","max-image-preview":"max-image-preview:large","max-video-preview":"max-video-preview:-1"},"canonical":"https:\/\/www.perlagewines.com\/prodotto\/genesis\/","og_locale":"de_DE","og_type":"article","og_title":"Genesis | Perlage","og_description":"Asolo Prosecco DOCG Extra Brut","og_url":"https:\/\/www.perlagewines.com\/prodotto\/genesis\/","og_site_name":"Perlage","article_publisher":"https:\/\/www.facebook.com\/PerlageOrganicWines\/","article_modified_time":"2026-04-08T14:27:51+00:00","og_image":[{"width":1200,"height":1200,"url":"https:\/\/www.perlagewines.com\/wp-content\/uploads\/2026\/02\/genesis-asolo-prosecco-superiore-docg-extra-brut-biologico-358x1200-1.png","type":"image\/webp"}],"twitter_card":"summary_large_image","schema":{"@context":"https:\/\/schema.org","@graph":[{"@type":"WebPage","@id":"https:\/\/www.perlagewines.com\/prodotto\/genesis\/","url":"https:\/\/www.perlagewines.com\/prodotto\/genesis\/","name":"Genesis | Perlage","isPartOf":{"@id":"https:\/\/www.perlagewines.com\/#website"},"primaryImageOfPage":{"@id":"https:\/\/www.perlagewines.com\/prodotto\/genesis\/#primaryimage"},"image":{"@id":"https:\/\/www.perlagewines.com\/prodotto\/genesis\/#primaryimage"},"thumbnailUrl":"https:\/\/www.perlagewines.com\/wp-content\/uploads\/2026\/02\/genesis-asolo-prosecco-superiore-docg-extra-brut-biologico-358x1200-1.png","datePublished":"2026-03-24T16:00:12+00:00","dateModified":"2026-04-08T14:27:51+00:00","breadcrumb":{"@id":"https:\/\/www.perlagewines.com\/prodotto\/genesis\/#breadcrumb"},"inLanguage":"de","potentialAction":[{"@type":"ReadAction","target":["https:\/\/www.perlagewines.com\/prodotto\/genesis\/"]}]},{"@type":"ImageObject","inLanguage":"de","@id":"https:\/\/www.perlagewines.com\/prodotto\/genesis\/#primaryimage","url":"https:\/\/www.perlagewines.com\/wp-content\/uploads\/2026\/02\/genesis-asolo-prosecco-superiore-docg-extra-brut-biologico-358x1200-1.png","contentUrl":"https:\/\/www.perlagewines.com\/wp-content\/uploads\/2026\/02\/genesis-asolo-prosecco-superiore-docg-extra-brut-biologico-358x1200-1.png","width":1200,"height":1200,"caption":"Perlage-genesis-asolo-prosecco-superior-docg-extra-brut-bio"},{"@type":"BreadcrumbList","@id":"https:\/\/www.perlagewines.com\/prodotto\/genesis\/#breadcrumb","itemListElement":[{"@type":"ListItem","position":1,"name":"Home","item":"https:\/\/www.perlagewines.com\/de\/"},{"@type":"ListItem","position":2,"name":"Shop","item":"https:\/\/www.perlagewines.com\/de\/shop\/"},{"@type":"ListItem","position":3,"name":"Genesis"}]},{"@type":"WebSite","@id":"https:\/\/www.perlagewines.com\/#website","url":"https:\/\/www.perlagewines.com\/","name":"Perlage","description":"Vini biologici dal 1985","publisher":{"@id":"https:\/\/www.perlagewines.com\/#organization"},"potentialAction":[{"@type":"SearchAction","target":{"@type":"EntryPoint","urlTemplate":"https:\/\/www.perlagewines.com\/?s={search_term_string}"},"query-input":{"@type":"PropertyValueSpecification","valueRequired":true,"valueName":"search_term_string"}}],"inLanguage":"de"},{"@type":"Organization","@id":"https:\/\/www.perlagewines.com\/#organization","name":"Perlage","url":"https:\/\/www.perlagewines.com\/","logo":{"@type":"ImageObject","inLanguage":"de","@id":"https:\/\/www.perlagewines.com\/#\/schema\/logo\/image\/","url":"https:\/\/www.perlagewines.com\/wp-content\/uploads\/2025\/10\/perlage-logo.svg","contentUrl":"https:\/\/www.perlagewines.com\/wp-content\/uploads\/2025\/10\/perlage-logo.svg","width":222,"height":78,"caption":"Perlage"},"image":{"@id":"https:\/\/www.perlagewines.com\/#\/schema\/logo\/image\/"},"sameAs":["https:\/\/www.facebook.com\/PerlageOrganicWines\/","https:\/\/www.instagram.com\/perlage_winery\/","https:\/\/www.linkedin.com\/company\/perlage-wines\/"]}]}},"_links":{"self":[{"href":"https:\/\/www.perlagewines.com\/de\/wp-json\/wp\/v2\/product\/261479","targetHints":{"allow":["GET"]}}],"collection":[{"href":"https:\/\/www.perlagewines.com\/de\/wp-json\/wp\/v2\/product"}],"about":[{"href":"https:\/\/www.perlagewines.com\/de\/wp-json\/wp\/v2\/types\/product"}],"replies":[{"embeddable":true,"href":"https:\/\/www.perlagewines.com\/de\/wp-json\/wp\/v2\/comments?post=261479"}],"wp:featuredmedia":[{"embeddable":true,"href":"https:\/\/www.perlagewines.com\/de\/wp-json\/wp\/v2\/media\/261474"}],"wp:attachment":[{"href":"https:\/\/www.perlagewines.com\/de\/wp-json\/wp\/v2\/media?parent=261479"}],"wp:term":[{"taxonomy":"product_brand","embeddable":true,"href":"https:\/\/www.perlagewines.com\/de\/wp-json\/wp\/v2\/product_brand?post=261479"},{"taxonomy":"product_cat","embeddable":true,"href":"https:\/\/www.perlagewines.com\/de\/wp-json\/wp\/v2\/product_cat?post=261479"},{"taxonomy":"product_tag","embeddable":true,"href":"https:\/\/www.perlagewines.com\/de\/wp-json\/wp\/v2\/product_tag?post=261479"}],"curies":[{"name":"wp","href":"https:\/\/api.w.org\/{rel}","templated":true}]}}