{"id":262242,"date":"2026-03-24T17:00:11","date_gmt":"2026-03-24T16:00:11","guid":{"rendered":"https:\/\/www.perlagewines.com\/prodotto\/rose\/"},"modified":"2026-03-24T17:00:11","modified_gmt":"2026-03-24T16:00:11","slug":"rose","status":"publish","type":"product","link":"https:\/\/www.perlagewines.com\/de\/produkt\/rose\/","title":{"rendered":"Ros\u00e9"},"content":{"rendered":"<p>Dieser biologische und vegane Ros\u00e9wein zeichnet sich durch weiche, elegante T\u00f6ne aus, die auf eine kurze Mazeration der Beerenh\u00e4ute zur\u00fcckzuf\u00fchren sind.<br \/>\nFrisch und fruchtig, ist er leicht zu trinken und bietet zarte Noten von Erdbeeren und kleinen roten Fr\u00fcchten.<br \/>\nPerfekt f\u00fcr leichte, gesellige Momente, dr\u00fcckt er die Einfachheit und Frische eines echten Ros\u00e9s aus.<\/p>\n","protected":false},"excerpt":{"rendered":"<p>Rosato Veneto IGT<\/p>\n","protected":false},"featured_media":261959,"comment_status":"open","ping_status":"closed","template":"","meta":{"_acf_changed":false,"_et_pb_use_builder":"","_et_pb_old_content":"","_et_gb_content_width":""},"product_brand":[],"product_cat":[118],"product_tag":[],"class_list":{"0":"post-262242","1":"product","2":"type-product","3":"status-publish","4":"has-post-thumbnail","6":"product_cat-bio-stillweine","8":"first","9":"instock","10":"taxable","11":"shipping-taxable","12":"product-type-simple"},"acf":[],"yoast_head":"<!-- This site is optimized with the Yoast SEO plugin v27.4 - https:\/\/yoast.com\/product\/yoast-seo-wordpress\/ -->\n<title>Ros\u00e9 | Perlage<\/title>\n<meta name=\"robots\" content=\"index, follow, max-snippet:-1, max-image-preview:large, max-video-preview:-1\" \/>\n<link rel=\"canonical\" href=\"https:\/\/www.perlagewines.com\/de\/produkt\/rose\/\" \/>\n<meta property=\"og:locale\" content=\"de_DE\" \/>\n<meta property=\"og:type\" content=\"article\" \/>\n<meta property=\"og:title\" content=\"Ros\u00e9 | Perlage\" \/>\n<meta property=\"og:description\" content=\"Rosato Veneto IGT\" \/>\n<meta property=\"og:url\" content=\"https:\/\/www.perlagewines.com\/de\/produkt\/rose\/\" \/>\n<meta property=\"og:site_name\" content=\"Perlage\" \/>\n<meta property=\"article:publisher\" content=\"https:\/\/www.facebook.com\/PerlageOrganicWines\/\" \/>\n<meta property=\"og:image\" content=\"https:\/\/www.perlagewines.com\/wp-content\/uploads\/2026\/02\/Rosato.png\" \/>\n\t<meta property=\"og:image:width\" content=\"1200\" \/>\n\t<meta property=\"og:image:height\" content=\"1200\" \/>\n\t<meta property=\"og:image:type\" content=\"image\/webp\" \/>\n<meta name=\"twitter:card\" content=\"summary_large_image\" \/>\n<script type=\"application\/ld+json\" class=\"yoast-schema-graph\">{\"@context\":\"https:\\\/\\\/schema.org\",\"@graph\":[{\"@type\":\"WebPage\",\"@id\":\"https:\\\/\\\/www.perlagewines.com\\\/de\\\/produkt\\\/rose\\\/\",\"url\":\"https:\\\/\\\/www.perlagewines.com\\\/de\\\/produkt\\\/rose\\\/\",\"name\":\"Ros\u00e9 | Perlage\",\"isPartOf\":{\"@id\":\"https:\\\/\\\/www.perlagewines.com\\\/#website\"},\"primaryImageOfPage\":{\"@id\":\"https:\\\/\\\/www.perlagewines.com\\\/de\\\/produkt\\\/rose\\\/#primaryimage\"},\"image\":{\"@id\":\"https:\\\/\\\/www.perlagewines.com\\\/de\\\/produkt\\\/rose\\\/#primaryimage\"},\"thumbnailUrl\":\"https:\\\/\\\/www.perlagewines.com\\\/wp-content\\\/uploads\\\/2026\\\/02\\\/Rosato.png\",\"datePublished\":\"2026-03-24T16:00:11+00:00\",\"breadcrumb\":{\"@id\":\"https:\\\/\\\/www.perlagewines.com\\\/de\\\/produkt\\\/rose\\\/#breadcrumb\"},\"inLanguage\":\"de\",\"potentialAction\":[{\"@type\":\"ReadAction\",\"target\":[\"https:\\\/\\\/www.perlagewines.com\\\/de\\\/produkt\\\/rose\\\/\"]}]},{\"@type\":\"ImageObject\",\"inLanguage\":\"de\",\"@id\":\"https:\\\/\\\/www.perlagewines.com\\\/de\\\/produkt\\\/rose\\\/#primaryimage\",\"url\":\"https:\\\/\\\/www.perlagewines.com\\\/wp-content\\\/uploads\\\/2026\\\/02\\\/Rosato.png\",\"contentUrl\":\"https:\\\/\\\/www.perlagewines.com\\\/wp-content\\\/uploads\\\/2026\\\/02\\\/Rosato.png\",\"width\":1200,\"height\":1200,\"caption\":\"Perlage-Ros\u00e9-Weine-fermi-rosati-bio-extra-veneto-igt\"},{\"@type\":\"BreadcrumbList\",\"@id\":\"https:\\\/\\\/www.perlagewines.com\\\/de\\\/produkt\\\/rose\\\/#breadcrumb\",\"itemListElement\":[{\"@type\":\"ListItem\",\"position\":1,\"name\":\"Home\",\"item\":\"https:\\\/\\\/www.perlagewines.com\\\/de\\\/\"},{\"@type\":\"ListItem\",\"position\":2,\"name\":\"Shop\",\"item\":\"https:\\\/\\\/www.perlagewines.com\\\/de\\\/shop\\\/\"},{\"@type\":\"ListItem\",\"position\":3,\"name\":\"Ros\u00e9\"}]},{\"@type\":\"WebSite\",\"@id\":\"https:\\\/\\\/www.perlagewines.com\\\/#website\",\"url\":\"https:\\\/\\\/www.perlagewines.com\\\/\",\"name\":\"Perlage\",\"description\":\"Vini biologici dal 1985\",\"publisher\":{\"@id\":\"https:\\\/\\\/www.perlagewines.com\\\/#organization\"},\"potentialAction\":[{\"@type\":\"SearchAction\",\"target\":{\"@type\":\"EntryPoint\",\"urlTemplate\":\"https:\\\/\\\/www.perlagewines.com\\\/?s={search_term_string}\"},\"query-input\":{\"@type\":\"PropertyValueSpecification\",\"valueRequired\":true,\"valueName\":\"search_term_string\"}}],\"inLanguage\":\"de\"},{\"@type\":\"Organization\",\"@id\":\"https:\\\/\\\/www.perlagewines.com\\\/#organization\",\"name\":\"Perlage\",\"url\":\"https:\\\/\\\/www.perlagewines.com\\\/\",\"logo\":{\"@type\":\"ImageObject\",\"inLanguage\":\"de\",\"@id\":\"https:\\\/\\\/www.perlagewines.com\\\/#\\\/schema\\\/logo\\\/image\\\/\",\"url\":\"https:\\\/\\\/www.perlagewines.com\\\/wp-content\\\/uploads\\\/2025\\\/10\\\/perlage-logo.svg\",\"contentUrl\":\"https:\\\/\\\/www.perlagewines.com\\\/wp-content\\\/uploads\\\/2025\\\/10\\\/perlage-logo.svg\",\"width\":222,\"height\":78,\"caption\":\"Perlage\"},\"image\":{\"@id\":\"https:\\\/\\\/www.perlagewines.com\\\/#\\\/schema\\\/logo\\\/image\\\/\"},\"sameAs\":[\"https:\\\/\\\/www.facebook.com\\\/PerlageOrganicWines\\\/\",\"https:\\\/\\\/www.instagram.com\\\/perlage_winery\\\/\",\"https:\\\/\\\/www.linkedin.com\\\/company\\\/perlage-wines\\\/\"]}]}<\/script>\n<!-- \/ Yoast SEO plugin. -->","yoast_head_json":{"title":"Ros\u00e9 | Perlage","robots":{"index":"index","follow":"follow","max-snippet":"max-snippet:-1","max-image-preview":"max-image-preview:large","max-video-preview":"max-video-preview:-1"},"canonical":"https:\/\/www.perlagewines.com\/de\/produkt\/rose\/","og_locale":"de_DE","og_type":"article","og_title":"Ros\u00e9 | Perlage","og_description":"Rosato Veneto IGT","og_url":"https:\/\/www.perlagewines.com\/de\/produkt\/rose\/","og_site_name":"Perlage","article_publisher":"https:\/\/www.facebook.com\/PerlageOrganicWines\/","og_image":[{"width":1200,"height":1200,"url":"https:\/\/www.perlagewines.com\/wp-content\/uploads\/2026\/02\/Rosato.png","type":"image\/webp"}],"twitter_card":"summary_large_image","schema":{"@context":"https:\/\/schema.org","@graph":[{"@type":"WebPage","@id":"https:\/\/www.perlagewines.com\/de\/produkt\/rose\/","url":"https:\/\/www.perlagewines.com\/de\/produkt\/rose\/","name":"Ros\u00e9 | Perlage","isPartOf":{"@id":"https:\/\/www.perlagewines.com\/#website"},"primaryImageOfPage":{"@id":"https:\/\/www.perlagewines.com\/de\/produkt\/rose\/#primaryimage"},"image":{"@id":"https:\/\/www.perlagewines.com\/de\/produkt\/rose\/#primaryimage"},"thumbnailUrl":"https:\/\/www.perlagewines.com\/wp-content\/uploads\/2026\/02\/Rosato.png","datePublished":"2026-03-24T16:00:11+00:00","breadcrumb":{"@id":"https:\/\/www.perlagewines.com\/de\/produkt\/rose\/#breadcrumb"},"inLanguage":"de","potentialAction":[{"@type":"ReadAction","target":["https:\/\/www.perlagewines.com\/de\/produkt\/rose\/"]}]},{"@type":"ImageObject","inLanguage":"de","@id":"https:\/\/www.perlagewines.com\/de\/produkt\/rose\/#primaryimage","url":"https:\/\/www.perlagewines.com\/wp-content\/uploads\/2026\/02\/Rosato.png","contentUrl":"https:\/\/www.perlagewines.com\/wp-content\/uploads\/2026\/02\/Rosato.png","width":1200,"height":1200,"caption":"Perlage-Ros\u00e9-Weine-fermi-rosati-bio-extra-veneto-igt"},{"@type":"BreadcrumbList","@id":"https:\/\/www.perlagewines.com\/de\/produkt\/rose\/#breadcrumb","itemListElement":[{"@type":"ListItem","position":1,"name":"Home","item":"https:\/\/www.perlagewines.com\/de\/"},{"@type":"ListItem","position":2,"name":"Shop","item":"https:\/\/www.perlagewines.com\/de\/shop\/"},{"@type":"ListItem","position":3,"name":"Ros\u00e9"}]},{"@type":"WebSite","@id":"https:\/\/www.perlagewines.com\/#website","url":"https:\/\/www.perlagewines.com\/","name":"Perlage","description":"Vini biologici dal 1985","publisher":{"@id":"https:\/\/www.perlagewines.com\/#organization"},"potentialAction":[{"@type":"SearchAction","target":{"@type":"EntryPoint","urlTemplate":"https:\/\/www.perlagewines.com\/?s={search_term_string}"},"query-input":{"@type":"PropertyValueSpecification","valueRequired":true,"valueName":"search_term_string"}}],"inLanguage":"de"},{"@type":"Organization","@id":"https:\/\/www.perlagewines.com\/#organization","name":"Perlage","url":"https:\/\/www.perlagewines.com\/","logo":{"@type":"ImageObject","inLanguage":"de","@id":"https:\/\/www.perlagewines.com\/#\/schema\/logo\/image\/","url":"https:\/\/www.perlagewines.com\/wp-content\/uploads\/2025\/10\/perlage-logo.svg","contentUrl":"https:\/\/www.perlagewines.com\/wp-content\/uploads\/2025\/10\/perlage-logo.svg","width":222,"height":78,"caption":"Perlage"},"image":{"@id":"https:\/\/www.perlagewines.com\/#\/schema\/logo\/image\/"},"sameAs":["https:\/\/www.facebook.com\/PerlageOrganicWines\/","https:\/\/www.instagram.com\/perlage_winery\/","https:\/\/www.linkedin.com\/company\/perlage-wines\/"]}]}},"_links":{"self":[{"href":"https:\/\/www.perlagewines.com\/de\/wp-json\/wp\/v2\/product\/262242","targetHints":{"allow":["GET"]}}],"collection":[{"href":"https:\/\/www.perlagewines.com\/de\/wp-json\/wp\/v2\/product"}],"about":[{"href":"https:\/\/www.perlagewines.com\/de\/wp-json\/wp\/v2\/types\/product"}],"replies":[{"embeddable":true,"href":"https:\/\/www.perlagewines.com\/de\/wp-json\/wp\/v2\/comments?post=262242"}],"wp:featuredmedia":[{"embeddable":true,"href":"https:\/\/www.perlagewines.com\/de\/wp-json\/wp\/v2\/media\/261959"}],"wp:attachment":[{"href":"https:\/\/www.perlagewines.com\/de\/wp-json\/wp\/v2\/media?parent=262242"}],"wp:term":[{"taxonomy":"product_brand","embeddable":true,"href":"https:\/\/www.perlagewines.com\/de\/wp-json\/wp\/v2\/product_brand?post=262242"},{"taxonomy":"product_cat","embeddable":true,"href":"https:\/\/www.perlagewines.com\/de\/wp-json\/wp\/v2\/product_cat?post=262242"},{"taxonomy":"product_tag","embeddable":true,"href":"https:\/\/www.perlagewines.com\/de\/wp-json\/wp\/v2\/product_tag?post=262242"}],"curies":[{"name":"wp","href":"https:\/\/api.w.org\/{rel}","templated":true}]}}