{"id":262292,"date":"2026-03-24T17:00:13","date_gmt":"2026-03-24T16:00:13","guid":{"rendered":"https:\/\/www.perlagewines.com\/prodotto\/iconis\/"},"modified":"2026-03-24T17:00:13","modified_gmt":"2026-03-24T16:00:13","slug":"iconis","status":"publish","type":"product","link":"https:\/\/www.perlagewines.com\/de\/produkt\/iconis\/","title":{"rendered":"Iconis"},"content":{"rendered":"<p>Im Herzen von Friaul-Julisch Venetien nimmt Iconis Gestalt an, ein Manzoni Bianco Trevenezie IGT, der aus Rebst\u00f6cken entsteht, die seit \u00fcber zwanzig Jahren mit Geduld gepflegt werden.<br \/>\nGewidmet Claudio Nardi, dem Gr\u00fcndungspartner von Perlage und vision\u00e4ren Kopf der technologischen Entwicklung, ist Iconis eine Geste der Dankbarkeit an den Mann, der das Weingut von Anfang an geleitet hat. Die zwischen Ende August und Anfang September handverlesenen Trauben folgen dem langsamen Weg des Long Charmat, ohne Dosage. Der Wein ruht \u00fcber neun Monate auf der Hefe, um eine feine, ruhige Textur zu erhalten. Die Produktion - nur 4.000 Flaschen - enth\u00e4lt Aromen von tropischen Fr\u00fcchten und Ananas in Sirup, w\u00e4hrend am Gaumen Noten von kandierter Zitrone und eine elegante Lakritznuance auftauchen.   <\/p>\n","protected":false},"excerpt":{"rendered":"<p>Manzoni wei\u00dfer Qualit\u00e4tsschaumwein - Null-Dosierung<\/p>\n","protected":false},"featured_media":261786,"comment_status":"open","ping_status":"closed","template":"","meta":{"_acf_changed":false,"_et_pb_use_builder":"","_et_pb_old_content":"","_et_gb_content_width":""},"product_brand":[],"product_cat":[109,111],"product_tag":[],"class_list":{"0":"post-262292","1":"product","2":"type-product","3":"status-publish","4":"has-post-thumbnail","6":"product_cat-bio-limited-editions","7":"product_cat-incrocio-manzoni","9":"first","10":"instock","11":"taxable","12":"shipping-taxable","13":"product-type-simple"},"acf":[],"yoast_head":"<!-- This site is optimized with the Yoast SEO plugin v27.4 - https:\/\/yoast.com\/product\/yoast-seo-wordpress\/ -->\n<title>Iconis | Perlage<\/title>\n<meta name=\"robots\" content=\"index, follow, max-snippet:-1, max-image-preview:large, max-video-preview:-1\" \/>\n<link rel=\"canonical\" href=\"https:\/\/www.perlagewines.com\/de\/produkt\/iconis\/\" \/>\n<meta property=\"og:locale\" content=\"de_DE\" \/>\n<meta property=\"og:type\" content=\"article\" \/>\n<meta property=\"og:title\" content=\"Iconis | Perlage\" \/>\n<meta property=\"og:description\" content=\"Manzoni wei\u00dfer Qualit\u00e4tsschaumwein - Null-Dosierung\" \/>\n<meta property=\"og:url\" content=\"https:\/\/www.perlagewines.com\/de\/produkt\/iconis\/\" \/>\n<meta property=\"og:site_name\" content=\"Perlage\" \/>\n<meta property=\"article:publisher\" content=\"https:\/\/www.facebook.com\/PerlageOrganicWines\/\" \/>\n<meta property=\"og:image\" content=\"https:\/\/www.perlagewines.com\/wp-content\/uploads\/2025\/11\/Iconis.png\" \/>\n\t<meta property=\"og:image:width\" content=\"1200\" \/>\n\t<meta property=\"og:image:height\" content=\"1200\" \/>\n\t<meta property=\"og:image:type\" content=\"image\/webp\" \/>\n<meta name=\"twitter:card\" content=\"summary_large_image\" \/>\n<meta name=\"twitter:label1\" content=\"Gesch\u00e4tzte Lesezeit\" \/>\n\t<meta name=\"twitter:data1\" content=\"1\u00a0Minute\" \/>\n<script type=\"application\/ld+json\" class=\"yoast-schema-graph\">{\"@context\":\"https:\\\/\\\/schema.org\",\"@graph\":[{\"@type\":\"WebPage\",\"@id\":\"https:\\\/\\\/www.perlagewines.com\\\/de\\\/produkt\\\/iconis\\\/\",\"url\":\"https:\\\/\\\/www.perlagewines.com\\\/de\\\/produkt\\\/iconis\\\/\",\"name\":\"Iconis | Perlage\",\"isPartOf\":{\"@id\":\"https:\\\/\\\/www.perlagewines.com\\\/#website\"},\"primaryImageOfPage\":{\"@id\":\"https:\\\/\\\/www.perlagewines.com\\\/de\\\/produkt\\\/iconis\\\/#primaryimage\"},\"image\":{\"@id\":\"https:\\\/\\\/www.perlagewines.com\\\/de\\\/produkt\\\/iconis\\\/#primaryimage\"},\"thumbnailUrl\":\"https:\\\/\\\/www.perlagewines.com\\\/wp-content\\\/uploads\\\/2025\\\/11\\\/Iconis.png\",\"datePublished\":\"2026-03-24T16:00:13+00:00\",\"breadcrumb\":{\"@id\":\"https:\\\/\\\/www.perlagewines.com\\\/de\\\/produkt\\\/iconis\\\/#breadcrumb\"},\"inLanguage\":\"de\",\"potentialAction\":[{\"@type\":\"ReadAction\",\"target\":[\"https:\\\/\\\/www.perlagewines.com\\\/de\\\/produkt\\\/iconis\\\/\"]}]},{\"@type\":\"ImageObject\",\"inLanguage\":\"de\",\"@id\":\"https:\\\/\\\/www.perlagewines.com\\\/de\\\/produkt\\\/iconis\\\/#primaryimage\",\"url\":\"https:\\\/\\\/www.perlagewines.com\\\/wp-content\\\/uploads\\\/2025\\\/11\\\/Iconis.png\",\"contentUrl\":\"https:\\\/\\\/www.perlagewines.com\\\/wp-content\\\/uploads\\\/2025\\\/11\\\/Iconis.png\",\"width\":1200,\"height\":1200,\"caption\":\"Perlage-limitierte-auflagen-bio-manzoni-wein-wei\u00df-ikonis\"},{\"@type\":\"BreadcrumbList\",\"@id\":\"https:\\\/\\\/www.perlagewines.com\\\/de\\\/produkt\\\/iconis\\\/#breadcrumb\",\"itemListElement\":[{\"@type\":\"ListItem\",\"position\":1,\"name\":\"Home\",\"item\":\"https:\\\/\\\/www.perlagewines.com\\\/de\\\/\"},{\"@type\":\"ListItem\",\"position\":2,\"name\":\"Shop\",\"item\":\"https:\\\/\\\/www.perlagewines.com\\\/de\\\/shop\\\/\"},{\"@type\":\"ListItem\",\"position\":3,\"name\":\"Iconis\"}]},{\"@type\":\"WebSite\",\"@id\":\"https:\\\/\\\/www.perlagewines.com\\\/#website\",\"url\":\"https:\\\/\\\/www.perlagewines.com\\\/\",\"name\":\"Perlage\",\"description\":\"Vini biologici dal 1985\",\"publisher\":{\"@id\":\"https:\\\/\\\/www.perlagewines.com\\\/#organization\"},\"potentialAction\":[{\"@type\":\"SearchAction\",\"target\":{\"@type\":\"EntryPoint\",\"urlTemplate\":\"https:\\\/\\\/www.perlagewines.com\\\/?s={search_term_string}\"},\"query-input\":{\"@type\":\"PropertyValueSpecification\",\"valueRequired\":true,\"valueName\":\"search_term_string\"}}],\"inLanguage\":\"de\"},{\"@type\":\"Organization\",\"@id\":\"https:\\\/\\\/www.perlagewines.com\\\/#organization\",\"name\":\"Perlage\",\"url\":\"https:\\\/\\\/www.perlagewines.com\\\/\",\"logo\":{\"@type\":\"ImageObject\",\"inLanguage\":\"de\",\"@id\":\"https:\\\/\\\/www.perlagewines.com\\\/#\\\/schema\\\/logo\\\/image\\\/\",\"url\":\"https:\\\/\\\/www.perlagewines.com\\\/wp-content\\\/uploads\\\/2025\\\/10\\\/perlage-logo.svg\",\"contentUrl\":\"https:\\\/\\\/www.perlagewines.com\\\/wp-content\\\/uploads\\\/2025\\\/10\\\/perlage-logo.svg\",\"width\":222,\"height\":78,\"caption\":\"Perlage\"},\"image\":{\"@id\":\"https:\\\/\\\/www.perlagewines.com\\\/#\\\/schema\\\/logo\\\/image\\\/\"},\"sameAs\":[\"https:\\\/\\\/www.facebook.com\\\/PerlageOrganicWines\\\/\",\"https:\\\/\\\/www.instagram.com\\\/perlage_winery\\\/\",\"https:\\\/\\\/www.linkedin.com\\\/company\\\/perlage-wines\\\/\"]}]}<\/script>\n<!-- \/ Yoast SEO plugin. -->","yoast_head_json":{"title":"Iconis | Perlage","robots":{"index":"index","follow":"follow","max-snippet":"max-snippet:-1","max-image-preview":"max-image-preview:large","max-video-preview":"max-video-preview:-1"},"canonical":"https:\/\/www.perlagewines.com\/de\/produkt\/iconis\/","og_locale":"de_DE","og_type":"article","og_title":"Iconis | Perlage","og_description":"Manzoni wei\u00dfer Qualit\u00e4tsschaumwein - Null-Dosierung","og_url":"https:\/\/www.perlagewines.com\/de\/produkt\/iconis\/","og_site_name":"Perlage","article_publisher":"https:\/\/www.facebook.com\/PerlageOrganicWines\/","og_image":[{"width":1200,"height":1200,"url":"https:\/\/www.perlagewines.com\/wp-content\/uploads\/2025\/11\/Iconis.png","type":"image\/webp"}],"twitter_card":"summary_large_image","twitter_misc":{"Gesch\u00e4tzte Lesezeit":"1\u00a0Minute"},"schema":{"@context":"https:\/\/schema.org","@graph":[{"@type":"WebPage","@id":"https:\/\/www.perlagewines.com\/de\/produkt\/iconis\/","url":"https:\/\/www.perlagewines.com\/de\/produkt\/iconis\/","name":"Iconis | Perlage","isPartOf":{"@id":"https:\/\/www.perlagewines.com\/#website"},"primaryImageOfPage":{"@id":"https:\/\/www.perlagewines.com\/de\/produkt\/iconis\/#primaryimage"},"image":{"@id":"https:\/\/www.perlagewines.com\/de\/produkt\/iconis\/#primaryimage"},"thumbnailUrl":"https:\/\/www.perlagewines.com\/wp-content\/uploads\/2025\/11\/Iconis.png","datePublished":"2026-03-24T16:00:13+00:00","breadcrumb":{"@id":"https:\/\/www.perlagewines.com\/de\/produkt\/iconis\/#breadcrumb"},"inLanguage":"de","potentialAction":[{"@type":"ReadAction","target":["https:\/\/www.perlagewines.com\/de\/produkt\/iconis\/"]}]},{"@type":"ImageObject","inLanguage":"de","@id":"https:\/\/www.perlagewines.com\/de\/produkt\/iconis\/#primaryimage","url":"https:\/\/www.perlagewines.com\/wp-content\/uploads\/2025\/11\/Iconis.png","contentUrl":"https:\/\/www.perlagewines.com\/wp-content\/uploads\/2025\/11\/Iconis.png","width":1200,"height":1200,"caption":"Perlage-limitierte-auflagen-bio-manzoni-wein-wei\u00df-ikonis"},{"@type":"BreadcrumbList","@id":"https:\/\/www.perlagewines.com\/de\/produkt\/iconis\/#breadcrumb","itemListElement":[{"@type":"ListItem","position":1,"name":"Home","item":"https:\/\/www.perlagewines.com\/de\/"},{"@type":"ListItem","position":2,"name":"Shop","item":"https:\/\/www.perlagewines.com\/de\/shop\/"},{"@type":"ListItem","position":3,"name":"Iconis"}]},{"@type":"WebSite","@id":"https:\/\/www.perlagewines.com\/#website","url":"https:\/\/www.perlagewines.com\/","name":"Perlage","description":"Vini biologici dal 1985","publisher":{"@id":"https:\/\/www.perlagewines.com\/#organization"},"potentialAction":[{"@type":"SearchAction","target":{"@type":"EntryPoint","urlTemplate":"https:\/\/www.perlagewines.com\/?s={search_term_string}"},"query-input":{"@type":"PropertyValueSpecification","valueRequired":true,"valueName":"search_term_string"}}],"inLanguage":"de"},{"@type":"Organization","@id":"https:\/\/www.perlagewines.com\/#organization","name":"Perlage","url":"https:\/\/www.perlagewines.com\/","logo":{"@type":"ImageObject","inLanguage":"de","@id":"https:\/\/www.perlagewines.com\/#\/schema\/logo\/image\/","url":"https:\/\/www.perlagewines.com\/wp-content\/uploads\/2025\/10\/perlage-logo.svg","contentUrl":"https:\/\/www.perlagewines.com\/wp-content\/uploads\/2025\/10\/perlage-logo.svg","width":222,"height":78,"caption":"Perlage"},"image":{"@id":"https:\/\/www.perlagewines.com\/#\/schema\/logo\/image\/"},"sameAs":["https:\/\/www.facebook.com\/PerlageOrganicWines\/","https:\/\/www.instagram.com\/perlage_winery\/","https:\/\/www.linkedin.com\/company\/perlage-wines\/"]}]}},"_links":{"self":[{"href":"https:\/\/www.perlagewines.com\/de\/wp-json\/wp\/v2\/product\/262292","targetHints":{"allow":["GET"]}}],"collection":[{"href":"https:\/\/www.perlagewines.com\/de\/wp-json\/wp\/v2\/product"}],"about":[{"href":"https:\/\/www.perlagewines.com\/de\/wp-json\/wp\/v2\/types\/product"}],"replies":[{"embeddable":true,"href":"https:\/\/www.perlagewines.com\/de\/wp-json\/wp\/v2\/comments?post=262292"}],"wp:featuredmedia":[{"embeddable":true,"href":"https:\/\/www.perlagewines.com\/de\/wp-json\/wp\/v2\/media\/261786"}],"wp:attachment":[{"href":"https:\/\/www.perlagewines.com\/de\/wp-json\/wp\/v2\/media?parent=262292"}],"wp:term":[{"taxonomy":"product_brand","embeddable":true,"href":"https:\/\/www.perlagewines.com\/de\/wp-json\/wp\/v2\/product_brand?post=262292"},{"taxonomy":"product_cat","embeddable":true,"href":"https:\/\/www.perlagewines.com\/de\/wp-json\/wp\/v2\/product_cat?post=262292"},{"taxonomy":"product_tag","embeddable":true,"href":"https:\/\/www.perlagewines.com\/de\/wp-json\/wp\/v2\/product_tag?post=262292"}],"curies":[{"name":"wp","href":"https:\/\/api.w.org\/{rel}","templated":true}]}}