{"id":261427,"date":"2026-03-24T17:00:12","date_gmt":"2026-03-24T16:00:12","guid":{"rendered":"https:\/\/www.perlagewines.com\/prodotto\/zharpi\/"},"modified":"2026-04-08T16:27:45","modified_gmt":"2026-04-08T14:27:45","slug":"zharpi","status":"publish","type":"product","link":"https:\/\/www.perlagewines.com\/en\/product\/zharpi\/","title":{"rendered":"Zharp\u00ec"},"content":{"rendered":"<p>Zharp\u00ec takes its name from the Treviso dialect \u017eharpir, &#8220;to prune the vine,&#8221; a direct reference to the earth and the care of the vineyard.<br \/>\nThis organic Prosecco DOC Brut is recognizable by its aromas of white wildflowers and green apple. On the palate, soft bubbles offer a full, slightly acidic and dry sip, ideal for those seeking authenticity and lightness in every glass. <\/p>\n","protected":false},"excerpt":{"rendered":"<p>Prosecco DOC Treviso Brut<\/p>\n","protected":false},"featured_media":261429,"comment_status":"open","ping_status":"closed","template":"","meta":{"_acf_changed":false,"_et_pb_use_builder":"","_et_pb_old_content":"","_et_gb_content_width":""},"product_brand":[],"product_cat":[113],"product_tag":[],"class_list":{"0":"post-261427","1":"product","2":"type-product","3":"status-publish","4":"has-post-thumbnail","6":"product_cat-organic-prosecco-doc","8":"first","9":"instock","10":"taxable","11":"shipping-taxable","12":"product-type-simple"},"acf":[],"yoast_head":"<!-- This site is optimized with the Yoast SEO plugin v27.4 - https:\/\/yoast.com\/product\/yoast-seo-wordpress\/ -->\n<title>Zharp\u00ec | Perlage<\/title>\n<meta name=\"robots\" content=\"index, follow, max-snippet:-1, max-image-preview:large, max-video-preview:-1\" \/>\n<link rel=\"canonical\" href=\"https:\/\/www.perlagewines.com\/prodotto\/zharpi\/\" \/>\n<meta property=\"og:locale\" content=\"en_US\" \/>\n<meta property=\"og:type\" content=\"article\" \/>\n<meta property=\"og:title\" content=\"Zharp\u00ec | Perlage\" \/>\n<meta property=\"og:description\" content=\"Prosecco DOC Treviso Brut\" \/>\n<meta property=\"og:url\" content=\"https:\/\/www.perlagewines.com\/prodotto\/zharpi\/\" \/>\n<meta property=\"og:site_name\" content=\"Perlage\" \/>\n<meta property=\"article:publisher\" content=\"https:\/\/www.facebook.com\/PerlageOrganicWines\/\" \/>\n<meta property=\"article:modified_time\" content=\"2026-04-08T14:27:45+00:00\" \/>\n<meta property=\"og:image\" content=\"https:\/\/www.perlagewines.com\/wp-content\/uploads\/2026\/02\/zharpi-prosecco-doc-brut-biologico.png-1.png\" \/>\n\t<meta property=\"og:image:width\" content=\"1200\" \/>\n\t<meta property=\"og:image:height\" content=\"1200\" \/>\n\t<meta property=\"og:image:type\" content=\"image\/webp\" \/>\n<meta name=\"twitter:card\" content=\"summary_large_image\" \/>\n<script type=\"application\/ld+json\" class=\"yoast-schema-graph\">{\"@context\":\"https:\\\/\\\/schema.org\",\"@graph\":[{\"@type\":\"WebPage\",\"@id\":\"https:\\\/\\\/www.perlagewines.com\\\/prodotto\\\/zharpi\\\/\",\"url\":\"https:\\\/\\\/www.perlagewines.com\\\/prodotto\\\/zharpi\\\/\",\"name\":\"Zharp\u00ec | Perlage\",\"isPartOf\":{\"@id\":\"https:\\\/\\\/www.perlagewines.com\\\/#website\"},\"primaryImageOfPage\":{\"@id\":\"https:\\\/\\\/www.perlagewines.com\\\/prodotto\\\/zharpi\\\/#primaryimage\"},\"image\":{\"@id\":\"https:\\\/\\\/www.perlagewines.com\\\/prodotto\\\/zharpi\\\/#primaryimage\"},\"thumbnailUrl\":\"https:\\\/\\\/www.perlagewines.com\\\/wp-content\\\/uploads\\\/2026\\\/02\\\/zharpi-prosecco-doc-brut-biologico.png-1.png\",\"datePublished\":\"2026-03-24T16:00:12+00:00\",\"dateModified\":\"2026-04-08T14:27:45+00:00\",\"breadcrumb\":{\"@id\":\"https:\\\/\\\/www.perlagewines.com\\\/prodotto\\\/zharpi\\\/#breadcrumb\"},\"inLanguage\":\"en-US\",\"potentialAction\":[{\"@type\":\"ReadAction\",\"target\":[\"https:\\\/\\\/www.perlagewines.com\\\/prodotto\\\/zharpi\\\/\"]}]},{\"@type\":\"ImageObject\",\"inLanguage\":\"en-US\",\"@id\":\"https:\\\/\\\/www.perlagewines.com\\\/prodotto\\\/zharpi\\\/#primaryimage\",\"url\":\"https:\\\/\\\/www.perlagewines.com\\\/wp-content\\\/uploads\\\/2026\\\/02\\\/zharpi-prosecco-doc-brut-biologico.png-1.png\",\"contentUrl\":\"https:\\\/\\\/www.perlagewines.com\\\/wp-content\\\/uploads\\\/2026\\\/02\\\/zharpi-prosecco-doc-brut-biologico.png-1.png\",\"width\":1200,\"height\":1200,\"caption\":\"Perlage-zharpi-prosecco-doc-treviso-brut-vegan-bio\"},{\"@type\":\"BreadcrumbList\",\"@id\":\"https:\\\/\\\/www.perlagewines.com\\\/prodotto\\\/zharpi\\\/#breadcrumb\",\"itemListElement\":[{\"@type\":\"ListItem\",\"position\":1,\"name\":\"Home\",\"item\":\"https:\\\/\\\/www.perlagewines.com\\\/en\\\/\"},{\"@type\":\"ListItem\",\"position\":2,\"name\":\"Shop\",\"item\":\"https:\\\/\\\/www.perlagewines.com\\\/en\\\/shop\\\/\"},{\"@type\":\"ListItem\",\"position\":3,\"name\":\"Zharp\u00ec\"}]},{\"@type\":\"WebSite\",\"@id\":\"https:\\\/\\\/www.perlagewines.com\\\/#website\",\"url\":\"https:\\\/\\\/www.perlagewines.com\\\/\",\"name\":\"Perlage\",\"description\":\"Vini biologici dal 1985\",\"publisher\":{\"@id\":\"https:\\\/\\\/www.perlagewines.com\\\/#organization\"},\"potentialAction\":[{\"@type\":\"SearchAction\",\"target\":{\"@type\":\"EntryPoint\",\"urlTemplate\":\"https:\\\/\\\/www.perlagewines.com\\\/?s={search_term_string}\"},\"query-input\":{\"@type\":\"PropertyValueSpecification\",\"valueRequired\":true,\"valueName\":\"search_term_string\"}}],\"inLanguage\":\"en-US\"},{\"@type\":\"Organization\",\"@id\":\"https:\\\/\\\/www.perlagewines.com\\\/#organization\",\"name\":\"Perlage\",\"url\":\"https:\\\/\\\/www.perlagewines.com\\\/\",\"logo\":{\"@type\":\"ImageObject\",\"inLanguage\":\"en-US\",\"@id\":\"https:\\\/\\\/www.perlagewines.com\\\/#\\\/schema\\\/logo\\\/image\\\/\",\"url\":\"https:\\\/\\\/www.perlagewines.com\\\/wp-content\\\/uploads\\\/2025\\\/10\\\/perlage-logo.svg\",\"contentUrl\":\"https:\\\/\\\/www.perlagewines.com\\\/wp-content\\\/uploads\\\/2025\\\/10\\\/perlage-logo.svg\",\"width\":222,\"height\":78,\"caption\":\"Perlage\"},\"image\":{\"@id\":\"https:\\\/\\\/www.perlagewines.com\\\/#\\\/schema\\\/logo\\\/image\\\/\"},\"sameAs\":[\"https:\\\/\\\/www.facebook.com\\\/PerlageOrganicWines\\\/\",\"https:\\\/\\\/www.instagram.com\\\/perlage_winery\\\/\",\"https:\\\/\\\/www.linkedin.com\\\/company\\\/perlage-wines\\\/\"]}]}<\/script>\n<!-- \/ Yoast SEO plugin. -->","yoast_head_json":{"title":"Zharp\u00ec | Perlage","robots":{"index":"index","follow":"follow","max-snippet":"max-snippet:-1","max-image-preview":"max-image-preview:large","max-video-preview":"max-video-preview:-1"},"canonical":"https:\/\/www.perlagewines.com\/prodotto\/zharpi\/","og_locale":"en_US","og_type":"article","og_title":"Zharp\u00ec | Perlage","og_description":"Prosecco DOC Treviso Brut","og_url":"https:\/\/www.perlagewines.com\/prodotto\/zharpi\/","og_site_name":"Perlage","article_publisher":"https:\/\/www.facebook.com\/PerlageOrganicWines\/","article_modified_time":"2026-04-08T14:27:45+00:00","og_image":[{"width":1200,"height":1200,"url":"https:\/\/www.perlagewines.com\/wp-content\/uploads\/2026\/02\/zharpi-prosecco-doc-brut-biologico.png-1.png","type":"image\/webp"}],"twitter_card":"summary_large_image","schema":{"@context":"https:\/\/schema.org","@graph":[{"@type":"WebPage","@id":"https:\/\/www.perlagewines.com\/prodotto\/zharpi\/","url":"https:\/\/www.perlagewines.com\/prodotto\/zharpi\/","name":"Zharp\u00ec | Perlage","isPartOf":{"@id":"https:\/\/www.perlagewines.com\/#website"},"primaryImageOfPage":{"@id":"https:\/\/www.perlagewines.com\/prodotto\/zharpi\/#primaryimage"},"image":{"@id":"https:\/\/www.perlagewines.com\/prodotto\/zharpi\/#primaryimage"},"thumbnailUrl":"https:\/\/www.perlagewines.com\/wp-content\/uploads\/2026\/02\/zharpi-prosecco-doc-brut-biologico.png-1.png","datePublished":"2026-03-24T16:00:12+00:00","dateModified":"2026-04-08T14:27:45+00:00","breadcrumb":{"@id":"https:\/\/www.perlagewines.com\/prodotto\/zharpi\/#breadcrumb"},"inLanguage":"en-US","potentialAction":[{"@type":"ReadAction","target":["https:\/\/www.perlagewines.com\/prodotto\/zharpi\/"]}]},{"@type":"ImageObject","inLanguage":"en-US","@id":"https:\/\/www.perlagewines.com\/prodotto\/zharpi\/#primaryimage","url":"https:\/\/www.perlagewines.com\/wp-content\/uploads\/2026\/02\/zharpi-prosecco-doc-brut-biologico.png-1.png","contentUrl":"https:\/\/www.perlagewines.com\/wp-content\/uploads\/2026\/02\/zharpi-prosecco-doc-brut-biologico.png-1.png","width":1200,"height":1200,"caption":"Perlage-zharpi-prosecco-doc-treviso-brut-vegan-bio"},{"@type":"BreadcrumbList","@id":"https:\/\/www.perlagewines.com\/prodotto\/zharpi\/#breadcrumb","itemListElement":[{"@type":"ListItem","position":1,"name":"Home","item":"https:\/\/www.perlagewines.com\/en\/"},{"@type":"ListItem","position":2,"name":"Shop","item":"https:\/\/www.perlagewines.com\/en\/shop\/"},{"@type":"ListItem","position":3,"name":"Zharp\u00ec"}]},{"@type":"WebSite","@id":"https:\/\/www.perlagewines.com\/#website","url":"https:\/\/www.perlagewines.com\/","name":"Perlage","description":"Vini biologici dal 1985","publisher":{"@id":"https:\/\/www.perlagewines.com\/#organization"},"potentialAction":[{"@type":"SearchAction","target":{"@type":"EntryPoint","urlTemplate":"https:\/\/www.perlagewines.com\/?s={search_term_string}"},"query-input":{"@type":"PropertyValueSpecification","valueRequired":true,"valueName":"search_term_string"}}],"inLanguage":"en-US"},{"@type":"Organization","@id":"https:\/\/www.perlagewines.com\/#organization","name":"Perlage","url":"https:\/\/www.perlagewines.com\/","logo":{"@type":"ImageObject","inLanguage":"en-US","@id":"https:\/\/www.perlagewines.com\/#\/schema\/logo\/image\/","url":"https:\/\/www.perlagewines.com\/wp-content\/uploads\/2025\/10\/perlage-logo.svg","contentUrl":"https:\/\/www.perlagewines.com\/wp-content\/uploads\/2025\/10\/perlage-logo.svg","width":222,"height":78,"caption":"Perlage"},"image":{"@id":"https:\/\/www.perlagewines.com\/#\/schema\/logo\/image\/"},"sameAs":["https:\/\/www.facebook.com\/PerlageOrganicWines\/","https:\/\/www.instagram.com\/perlage_winery\/","https:\/\/www.linkedin.com\/company\/perlage-wines\/"]}]}},"_links":{"self":[{"href":"https:\/\/www.perlagewines.com\/en\/wp-json\/wp\/v2\/product\/261427","targetHints":{"allow":["GET"]}}],"collection":[{"href":"https:\/\/www.perlagewines.com\/en\/wp-json\/wp\/v2\/product"}],"about":[{"href":"https:\/\/www.perlagewines.com\/en\/wp-json\/wp\/v2\/types\/product"}],"replies":[{"embeddable":true,"href":"https:\/\/www.perlagewines.com\/en\/wp-json\/wp\/v2\/comments?post=261427"}],"wp:featuredmedia":[{"embeddable":true,"href":"https:\/\/www.perlagewines.com\/en\/wp-json\/wp\/v2\/media\/261429"}],"wp:attachment":[{"href":"https:\/\/www.perlagewines.com\/en\/wp-json\/wp\/v2\/media?parent=261427"}],"wp:term":[{"taxonomy":"product_brand","embeddable":true,"href":"https:\/\/www.perlagewines.com\/en\/wp-json\/wp\/v2\/product_brand?post=261427"},{"taxonomy":"product_cat","embeddable":true,"href":"https:\/\/www.perlagewines.com\/en\/wp-json\/wp\/v2\/product_cat?post=261427"},{"taxonomy":"product_tag","embeddable":true,"href":"https:\/\/www.perlagewines.com\/en\/wp-json\/wp\/v2\/product_tag?post=261427"}],"curies":[{"name":"wp","href":"https:\/\/api.w.org\/{rel}","templated":true}]}}